{"id":592,"date":"2014-03-18T10:49:29","date_gmt":"2014-03-18T09:49:29","guid":{"rendered":"http:\/\/the7.dream-demo.com\/business\/?page_id=2"},"modified":"2025-11-10T11:41:54","modified_gmt":"2025-11-10T10:41:54","slug":"caffe-cosmai-il-miglior-caffe-italiano","status":"publish","type":"page","link":"https:\/\/www.caffecosmai.com\/","title":{"rendered":"Home"},"content":{"rendered":"<div class=\"wpb-content-wrapper\"><p>[vc_row equal_height=&#8221;yes&#8221; content_placement=&#8221;middle&#8221; css=&#8221;.vc_custom_1606900112920{margin-top: 35px !important;margin-bottom: 35px !important;}&#8221;][vc_column][vc_custom_heading text=&#8221;Noi siamo&#8221; font_container=&#8221;tag:h2|text_align:center&#8221; use_theme_fonts=&#8221;yes&#8221; link=&#8221;url:https%3A%2F%2Fwww.caffecosmai.com%2Fnoisiamo%2F|title:Noi%20siamo&#8221;][vc_column_text css_animation=&#8221;fadeInDown&#8221;]<\/p>\n<p style=\"text-align: center;\">Noi siamo l\u2019amore per ci\u00f2 che facciamo.<\/p>\n<p style=\"text-align: center;\">Noi siamo l\u2019amore per il caff\u00e8.<\/p>\n<p style=\"text-align: center;\">Noi siamo COSMAI, esperienze di gusto straordinarie.<\/p>\n<p>[\/vc_column_text][\/vc_column][\/vc_row][vc_row full_width=&#8221;stretch_row&#8221; css=&#8221;.vc_custom_1606900879312{padding-top: 20px !important;padding-bottom: 40px !important;background-color: #ddd7d0 !important;}&#8221;][vc_column][vc_custom_heading text=&#8221;News&#8221; font_container=&#8221;tag:h2|text_align:center&#8221; use_theme_fonts=&#8221;yes&#8221; css=&#8221;.vc_custom_1606900535340{margin-top: 0px !important;padding-top: 0px !important;padding-bottom: 25px !important;}&#8221;][vc_basic_grid post_type=&#8221;ids&#8221; element_width=&#8221;3&#8243; item=&#8221;3522&#8243; grid_id=&#8221;vc_gid:1762771210921-1579fdf7-fd23-6&#8243; include=&#8221;4766, 4790, 4773, 4780, 4668, 4668, 4594, 4618, 4602, 4624, 4612, 4631, 4341&#8243;][\/vc_column][\/vc_row]<\/p>\n<\/div>","protected":false},"excerpt":{"rendered":"<p>[vc_row equal_height=&#8221;yes&#8221; content_placement=&#8221;middle&#8221; css=&#8221;.vc_custom_1606900112920{margin-top: 35px !important;margin-bottom: 35px !important;}&#8221;][vc_column][vc_custom_heading text=&#8221;Noi siamo&#8221; font_container=&#8221;tag:h2|text_align:center&#8221; use_theme_fonts=&#8221;yes&#8221; link=&#8221;url:https%3A%2F%2Fwww.caffecosmai.com%2Fnoisiamo%2F|title:Noi%20siamo&#8221;][vc_column_text css_animation=&#8221;fadeInDown&#8221;] Noi siamo l\u2019amore per ci\u00f2 che facciamo. Noi siamo l\u2019amore per il caff\u00e8. Noi siamo COSMAI, esperienze di gusto straordinarie. [\/vc_column_text][\/vc_column][\/vc_row][vc_row full_width=&#8221;stretch_row&#8221; css=&#8221;.vc_custom_1606900879312{padding-top: 20px !important;padding-bottom: 40px !important;background-color: #ddd7d0 !important;}&#8221;][vc_column][vc_custom_heading text=&#8221;News&#8221; font_container=&#8221;tag:h2|text_align:center&#8221; use_theme_fonts=&#8221;yes&#8221; css=&#8221;.vc_custom_1606900535340{margin-top: 0px !important;padding-top: 0px !important;padding-bottom: 25px !important;}&#8221;][vc_basic_grid post_type=&#8221;ids&#8221; element_width=&#8221;3&#8243;&hellip;<\/p>\n","protected":false},"author":7,"featured_media":4112,"parent":0,"menu_order":0,"comment_status":"closed","ping_status":"closed","template":"","meta":{"footnotes":"","_links_to":"","_links_to_target":""},"class_list":["post-592","page","type-page","status-publish","has-post-thumbnail","hentry","description-off"],"yoast_head":"<!-- This site is optimized with the Yoast SEO plugin v27.2 - https:\/\/yoast.com\/product\/yoast-seo-wordpress\/ -->\n<title>Caff\u00e8 Cosmai - Il miglior caff\u00e8 italiano<\/title>\n<meta name=\"description\" content=\"Noi siamo l\u2019amore per ci\u00f2 che facciamo. Noi siamo COSMAI Caff\u00e8, esperienze di gusto straordinarie. Il miglior caff\u00e8 italiano.\" \/>\n<meta name=\"robots\" content=\"index, follow, max-snippet:-1, max-image-preview:large, max-video-preview:-1\" \/>\n<link rel=\"canonical\" href=\"https:\/\/www.caffecosmai.com\/\" \/>\n<meta property=\"og:locale\" content=\"it_IT\" \/>\n<meta property=\"og:type\" content=\"article\" \/>\n<meta property=\"og:title\" content=\"Caff\u00e8 Cosmai - Il miglior caff\u00e8 italiano\" \/>\n<meta property=\"og:description\" content=\"Noi siamo l\u2019amore per ci\u00f2 che facciamo. Noi siamo COSMAI Caff\u00e8, esperienze di gusto straordinarie. Il miglior caff\u00e8 italiano.\" \/>\n<meta property=\"og:url\" content=\"https:\/\/www.caffecosmai.com\/\" \/>\n<meta property=\"og:site_name\" content=\"Caff\u00e8 Cosmai\" \/>\n<meta property=\"article:modified_time\" content=\"2025-11-10T10:41:54+00:00\" \/>\n<meta property=\"og:image\" content=\"https:\/\/www.caffecosmai.com\/wp-content\/uploads\/2020\/10\/home_visual.jpg\" \/>\n\t<meta property=\"og:image:width\" content=\"2048\" \/>\n\t<meta property=\"og:image:height\" content=\"1376\" \/>\n\t<meta property=\"og:image:type\" content=\"image\/jpeg\" \/>\n<meta name=\"twitter:card\" content=\"summary_large_image\" \/>\n<meta name=\"twitter:label1\" content=\"Tempo di lettura stimato\" \/>\n\t<meta name=\"twitter:data1\" content=\"1 minuto\" \/>\n<script type=\"application\/ld+json\" class=\"yoast-schema-graph\">{\"@context\":\"https:\/\/schema.org\",\"@graph\":[{\"@type\":\"WebPage\",\"@id\":\"https:\/\/www.caffecosmai.com\/\",\"url\":\"https:\/\/www.caffecosmai.com\/\",\"name\":\"Caff\u00e8 Cosmai - Il miglior caff\u00e8 italiano\",\"isPartOf\":{\"@id\":\"https:\/\/www.caffecosmai.com\/#website\"},\"primaryImageOfPage\":{\"@id\":\"https:\/\/www.caffecosmai.com\/#primaryimage\"},\"image\":{\"@id\":\"https:\/\/www.caffecosmai.com\/#primaryimage\"},\"thumbnailUrl\":\"https:\/\/www.caffecosmai.com\/wp-content\/uploads\/2020\/10\/home_visual.jpg\",\"datePublished\":\"2014-03-18T09:49:29+00:00\",\"dateModified\":\"2025-11-10T10:41:54+00:00\",\"description\":\"Noi siamo l\u2019amore per ci\u00f2 che facciamo. Noi siamo COSMAI Caff\u00e8, esperienze di gusto straordinarie. Il miglior caff\u00e8 italiano.\",\"breadcrumb\":{\"@id\":\"https:\/\/www.caffecosmai.com\/#breadcrumb\"},\"inLanguage\":\"it-IT\",\"potentialAction\":[{\"@type\":\"ReadAction\",\"target\":[\"https:\/\/www.caffecosmai.com\/\"]}]},{\"@type\":\"ImageObject\",\"inLanguage\":\"it-IT\",\"@id\":\"https:\/\/www.caffecosmai.com\/#primaryimage\",\"url\":\"https:\/\/www.caffecosmai.com\/wp-content\/uploads\/2020\/10\/home_visual.jpg\",\"contentUrl\":\"https:\/\/www.caffecosmai.com\/wp-content\/uploads\/2020\/10\/home_visual.jpg\",\"width\":2048,\"height\":1376,\"caption\":\"miglior caffe - caffe cosmai\"},{\"@type\":\"BreadcrumbList\",\"@id\":\"https:\/\/www.caffecosmai.com\/#breadcrumb\",\"itemListElement\":[{\"@type\":\"ListItem\",\"position\":1,\"name\":\"Home\",\"item\":\"https:\/\/www.caffecosmai.com\/\"},{\"@type\":\"ListItem\",\"position\":2,\"name\":\"Home\"}]},{\"@type\":\"WebSite\",\"@id\":\"https:\/\/www.caffecosmai.com\/#website\",\"url\":\"https:\/\/www.caffecosmai.com\/\",\"name\":\"Caff\u00e8 Cosmai\",\"description\":\"Italian Style Taste\",\"potentialAction\":[{\"@type\":\"SearchAction\",\"target\":{\"@type\":\"EntryPoint\",\"urlTemplate\":\"https:\/\/www.caffecosmai.com\/?s={search_term_string}\"},\"query-input\":{\"@type\":\"PropertyValueSpecification\",\"valueRequired\":true,\"valueName\":\"search_term_string\"}}],\"inLanguage\":\"it-IT\"}]}<\/script>\n<!-- \/ Yoast SEO plugin. -->","yoast_head_json":{"title":"Caff\u00e8 Cosmai - Il miglior caff\u00e8 italiano","description":"Noi siamo l\u2019amore per ci\u00f2 che facciamo. Noi siamo COSMAI Caff\u00e8, esperienze di gusto straordinarie. Il miglior caff\u00e8 italiano.","robots":{"index":"index","follow":"follow","max-snippet":"max-snippet:-1","max-image-preview":"max-image-preview:large","max-video-preview":"max-video-preview:-1"},"canonical":"https:\/\/www.caffecosmai.com\/","og_locale":"it_IT","og_type":"article","og_title":"Caff\u00e8 Cosmai - Il miglior caff\u00e8 italiano","og_description":"Noi siamo l\u2019amore per ci\u00f2 che facciamo. Noi siamo COSMAI Caff\u00e8, esperienze di gusto straordinarie. Il miglior caff\u00e8 italiano.","og_url":"https:\/\/www.caffecosmai.com\/","og_site_name":"Caff\u00e8 Cosmai","article_modified_time":"2025-11-10T10:41:54+00:00","og_image":[{"width":2048,"height":1376,"url":"https:\/\/www.caffecosmai.com\/wp-content\/uploads\/2020\/10\/home_visual.jpg","type":"image\/jpeg"}],"twitter_card":"summary_large_image","twitter_misc":{"Tempo di lettura stimato":"1 minuto"},"schema":{"@context":"https:\/\/schema.org","@graph":[{"@type":"WebPage","@id":"https:\/\/www.caffecosmai.com\/","url":"https:\/\/www.caffecosmai.com\/","name":"Caff\u00e8 Cosmai - Il miglior caff\u00e8 italiano","isPartOf":{"@id":"https:\/\/www.caffecosmai.com\/#website"},"primaryImageOfPage":{"@id":"https:\/\/www.caffecosmai.com\/#primaryimage"},"image":{"@id":"https:\/\/www.caffecosmai.com\/#primaryimage"},"thumbnailUrl":"https:\/\/www.caffecosmai.com\/wp-content\/uploads\/2020\/10\/home_visual.jpg","datePublished":"2014-03-18T09:49:29+00:00","dateModified":"2025-11-10T10:41:54+00:00","description":"Noi siamo l\u2019amore per ci\u00f2 che facciamo. Noi siamo COSMAI Caff\u00e8, esperienze di gusto straordinarie. Il miglior caff\u00e8 italiano.","breadcrumb":{"@id":"https:\/\/www.caffecosmai.com\/#breadcrumb"},"inLanguage":"it-IT","potentialAction":[{"@type":"ReadAction","target":["https:\/\/www.caffecosmai.com\/"]}]},{"@type":"ImageObject","inLanguage":"it-IT","@id":"https:\/\/www.caffecosmai.com\/#primaryimage","url":"https:\/\/www.caffecosmai.com\/wp-content\/uploads\/2020\/10\/home_visual.jpg","contentUrl":"https:\/\/www.caffecosmai.com\/wp-content\/uploads\/2020\/10\/home_visual.jpg","width":2048,"height":1376,"caption":"miglior caffe - caffe cosmai"},{"@type":"BreadcrumbList","@id":"https:\/\/www.caffecosmai.com\/#breadcrumb","itemListElement":[{"@type":"ListItem","position":1,"name":"Home","item":"https:\/\/www.caffecosmai.com\/"},{"@type":"ListItem","position":2,"name":"Home"}]},{"@type":"WebSite","@id":"https:\/\/www.caffecosmai.com\/#website","url":"https:\/\/www.caffecosmai.com\/","name":"Caff\u00e8 Cosmai","description":"Italian Style Taste","potentialAction":[{"@type":"SearchAction","target":{"@type":"EntryPoint","urlTemplate":"https:\/\/www.caffecosmai.com\/?s={search_term_string}"},"query-input":{"@type":"PropertyValueSpecification","valueRequired":true,"valueName":"search_term_string"}}],"inLanguage":"it-IT"}]}},"_links":{"self":[{"href":"https:\/\/www.caffecosmai.com\/index.php?rest_route=\/wp\/v2\/pages\/592","targetHints":{"allow":["GET"]}}],"collection":[{"href":"https:\/\/www.caffecosmai.com\/index.php?rest_route=\/wp\/v2\/pages"}],"about":[{"href":"https:\/\/www.caffecosmai.com\/index.php?rest_route=\/wp\/v2\/types\/page"}],"author":[{"embeddable":true,"href":"https:\/\/www.caffecosmai.com\/index.php?rest_route=\/wp\/v2\/users\/7"}],"replies":[{"embeddable":true,"href":"https:\/\/www.caffecosmai.com\/index.php?rest_route=%2Fwp%2Fv2%2Fcomments&post=592"}],"version-history":[{"count":210,"href":"https:\/\/www.caffecosmai.com\/index.php?rest_route=\/wp\/v2\/pages\/592\/revisions"}],"predecessor-version":[{"id":5056,"href":"https:\/\/www.caffecosmai.com\/index.php?rest_route=\/wp\/v2\/pages\/592\/revisions\/5056"}],"wp:featuredmedia":[{"embeddable":true,"href":"https:\/\/www.caffecosmai.com\/index.php?rest_route=\/wp\/v2\/media\/4112"}],"wp:attachment":[{"href":"https:\/\/www.caffecosmai.com\/index.php?rest_route=%2Fwp%2Fv2%2Fmedia&parent=592"}],"curies":[{"name":"wp","href":"https:\/\/api.w.org\/{rel}","templated":true}]}}