{"id":4695,"date":"2024-11-27T11:53:15","date_gmt":"2024-11-27T10:53:15","guid":{"rendered":"https:\/\/www.caffecosmai.com\/?page_id=4695"},"modified":"2025-01-28T16:25:49","modified_gmt":"2025-01-28T15:25:49","slug":"specialty-city-roastery","status":"publish","type":"page","link":"https:\/\/www.caffecosmai.com\/?page_id=4695","title":{"rendered":"Specialty City Roastery"},"content":{"rendered":"<div class=\"wpb-content-wrapper\"><p>[vc_row full_width=&#8221;stretch_row&#8221; equal_height=&#8221;yes&#8221; content_placement=&#8221;middle&#8221; css=&#8221;.vc_custom_1732705525113{margin-top: 40px !important;background-color: #ffffff !important;}&#8221;][vc_column][vc_row_inner content_placement=&#8221;middle&#8221; gap=&#8221;35&#8243;][vc_column_inner width=&#8221;1\/2&#8243;][vc_single_image image=&#8221;4710&#8243; img_size=&#8221;large&#8221; alignment=&#8221;right&#8221; css_animation=&#8221;fadeIn&#8221; el_class=&#8221;imgstondata&#8221;][\/vc_column_inner][vc_column_inner width=&#8221;1\/2&#8243;][vc_column_text]<\/p>\n<h2 style=\"text-align: left; color: #9a7a6d;\"><a href=\"https:\/\/shop.caffecosmai.com\/13-city-roastery\">LINEA &#8220;CITY ROASTERY&#8221;<\/a><\/h2>\n<p>[\/vc_column_text][vc_column_text css_animation=&#8221;fadeInDown&#8221;]City Roastery \u00e8 un progetto nato per promuovere nel mercato i caff\u00e8 che vengono denominati \u201cSpecialty\u201d. Si tratta di caff\u00e8 provenienti da piccole coltivazioni condotte da agricoltori che intendono raggiungere un\u2019elevata qualit\u00e0 di prodotto finito selezionando il proprio raccolto in maniera impeccabile. Successivamente verr\u00e0 analizzato dalla S.C.A. (Specialty Coffee Association) che certificher\u00e0 il caff\u00e8 denominandolo \u201cSpecialty\u201d solo se in una scala di valutazione da 1 a 100 raggiunger\u00e0 quota 80.<\/p>\n<p>Il caff\u00e8 viene tostato con un procedimento attento ad esaltare le proprie caratteristiche, seguendo una precisa curva di calore per ottenere un prodotto perfetto e pronto per esser estratto, rispettando ovviamente i parametri di un espresso.[\/vc_column_text][\/vc_column_inner][\/vc_row_inner]<style type=\"text\/css\" data-type=\"the7_shortcodes-inline-css\">#default-btn-871bbc6b73758d5c355f96cc6a0d6207 {\n  border-radius: 1px;\n  font-size: 14px;\n  line-height: 16px;\n}\n.btn-shadow#default-btn-871bbc6b73758d5c355f96cc6a0d6207 {\n  box-shadow: 0 1px 6px rgba(0,0,0,0.12);\n  transition: box-shadow 0.2s ease-out, opacity 0.45s;\n}\n.btn-shadow#default-btn-871bbc6b73758d5c355f96cc6a0d6207:hover {\n  box-shadow: 0 5px 11px 0 rgba(0,0,0,0.18), 0 4px 15px 0 rgba(0,0,0,0.15);\n}\n.btn-flat#default-btn-871bbc6b73758d5c355f96cc6a0d6207 {\n  box-shadow: none;\n}\n.btn-flat#default-btn-871bbc6b73758d5c355f96cc6a0d6207:hover {\n  box-shadow: none;\n}\n#default-btn-871bbc6b73758d5c355f96cc6a0d6207.ico-right-side > i {\n  margin-right: 0px;\n  margin-left: 8px;\n}\n#default-btn-871bbc6b73758d5c355f96cc6a0d6207 > i {\n  margin-right: 8px;\n  font-size: 12px;\n}\n#default-btn-871bbc6b73758d5c355f96cc6a0d6207:not(:hover) {\n  border-width: 0px;\n  padding: 12px 18px 12px 18px;\n}\n#default-btn-871bbc6b73758d5c355f96cc6a0d6207:hover {\n  border-width: 0px;\n  padding: 12px 18px 12px 18px;\n}\n#default-btn-871bbc6b73758d5c355f96cc6a0d6207.ico-right-side > i {\n  margin-right: 0px;\n  margin-left: 8px;\n}\n#default-btn-871bbc6b73758d5c355f96cc6a0d6207 > i {\n  margin-right: 8px;\n}<\/style><div class=\"btn-align-center\"><a href=\"http:\/\/www.caffecosmai.com\/wp-content\/uploads\/2024\/11\/a5-cartolina-cosmai.pdf\" class=\"default-btn-shortcode dt-btn link-hover-off btn-flat \" id=\"default-btn-871bbc6b73758d5c355f96cc6a0d6207\"><span>Scopri di pi\u00f9 sul caff\u00e8 in grani City Roastery<\/span><\/a><\/div>[vc_empty_space]<style type=\"text\/css\" data-type=\"the7_shortcodes-inline-css\">#default-btn-d07bb3ba4ed963e40e95e1a678dd3229 {\n  border-radius: 1px;\n  font-size: 14px;\n  line-height: 16px;\n}\n.btn-shadow#default-btn-d07bb3ba4ed963e40e95e1a678dd3229 {\n  box-shadow: 0 1px 6px rgba(0,0,0,0.12);\n  transition: box-shadow 0.2s ease-out, opacity 0.45s;\n}\n.btn-shadow#default-btn-d07bb3ba4ed963e40e95e1a678dd3229:hover {\n  box-shadow: 0 5px 11px 0 rgba(0,0,0,0.18), 0 4px 15px 0 rgba(0,0,0,0.15);\n}\n.btn-3d#default-btn-d07bb3ba4ed963e40e95e1a678dd3229 {\n  box-shadow: 0px 2px 0px 0px #3c5009;\n}\n.btn-flat#default-btn-d07bb3ba4ed963e40e95e1a678dd3229 {\n  box-shadow: none;\n}\n.btn-flat#default-btn-d07bb3ba4ed963e40e95e1a678dd3229:hover {\n  box-shadow: none;\n}\n#default-btn-d07bb3ba4ed963e40e95e1a678dd3229.ico-right-side > i {\n  margin-right: 0px;\n  margin-left: 8px;\n}\n#default-btn-d07bb3ba4ed963e40e95e1a678dd3229 > i {\n  margin-right: 8px;\n  font-size: 12px;\n}\n#default-btn-d07bb3ba4ed963e40e95e1a678dd3229:not(:hover) {\n  border-width: 0px;\n  background: #6b9600 !important;\n  padding: 12px 18px 12px 18px;\n}\n#default-btn-d07bb3ba4ed963e40e95e1a678dd3229:hover {\n  border-width: 0px;\n  padding: 12px 18px 12px 18px;\n}\n#default-btn-d07bb3ba4ed963e40e95e1a678dd3229.ico-right-side > i {\n  margin-right: 0px;\n  margin-left: 8px;\n}\n#default-btn-d07bb3ba4ed963e40e95e1a678dd3229 > i {\n  margin-right: 8px;\n}<\/style><div class=\"btn-align-center\"><a href=\"https:\/\/shop.caffecosmai.com\/13-city-roastery\" class=\"default-btn-shortcode dt-btn link-hover-off btn-flat \" id=\"default-btn-d07bb3ba4ed963e40e95e1a678dd3229\"><span>Acquista subito!<\/span><\/a><\/div>[\/vc_column][\/vc_row][vc_row full_width=&#8221;stretch_row&#8221; equal_height=&#8221;yes&#8221; content_placement=&#8221;middle&#8221; css=&#8221;.vc_custom_1605266805830{margin-top: 40px !important;background-color: #ddd7d0 !important;}&#8221;][vc_column][vc_row_inner content_placement=&#8221;middle&#8221; gap=&#8221;35&#8243;][vc_column_inner width=&#8221;1\/2&#8243;][vc_single_image image=&#8221;4450&#8243; img_size=&#8221;large&#8221; alignment=&#8221;right&#8221; css_animation=&#8221;fadeIn&#8221; el_class=&#8221;imgstondata&#8221;][\/vc_column_inner][vc_column_inner width=&#8221;1\/2&#8243;][vc_column_text]<\/p>\n<h2 style=\"text-align: left; color: #9a7a6d;\">CAFFE&#8217; SPECIALTY<\/h2>\n<p>[\/vc_column_text][vc_column_text css_animation=&#8221;fadeInDown&#8221;]<\/p>\n<p class=\"cvGsUA direction-ltr align-justify para-style-body\"><span class=\"OYPEnA font-feature-liga-off font-feature-clig-off font-feature-calt-off text-decoration-none text-strikethrough-none\">ll caff\u00e8 <\/span><strong><span class=\"OYPEnA font-feature-liga-off font-feature-clig-off font-feature-calt-off text-decoration-none text-strikethrough-none\">SPECIALTY <\/span><\/strong><span class=\"OYPEnA font-feature-liga-off font-feature-clig-off font-feature-calt-off text-decoration-none text-strikethrough-none\">racchiude in s\u00e9 aromi spiccati ed inconfondibili, poich\u00e9 ogni piantagione ha caratteristiche uniche di suolo e di clima. Da qui scaturiscono le peculiarit\u00e0 di questi caff\u00e8 gourmet destinati agli intenditori che ricercano qualcosa di speciale da degustare con il coinvolgimento di tutti i sensi.<\/span><\/p>\n<p class=\"cvGsUA direction-ltr align-justify para-style-body\"><span class=\"OYPEnA font-feature-liga-off font-feature-clig-off font-feature-calt-off text-decoration-none text-strikethrough-none\">La definizione di \u2018<\/span><strong><span class=\"OYPEnA font-feature-liga-off font-feature-clig-off font-feature-calt-off text-decoration-none text-strikethrough-none\">SPECIALTY COFFEE<\/span><\/strong><span class=\"OYPEnA font-feature-liga-off font-feature-clig-off font-feature-calt-off text-decoration-none text-strikethrough-none\">\u2019 \u00e8 riferita ad un caff\u00e8 di altissima qualit\u00e0, certificato nella provenienza e nella variet\u00e0 botanica, raccolto, selezionato e tostato professionalmente in modo da svilupparne tutto il potenziale aromatico.<\/span><\/p>\n<p>[\/vc_column_text][\/vc_column_inner][\/vc_row_inner]<style type=\"text\/css\" data-type=\"the7_shortcodes-inline-css\">#default-btn-b22b1c9c046397c165d98df6d9fb15bf {\n  border-radius: 1px;\n  font-size: 14px;\n  line-height: 16px;\n}\n.btn-shadow#default-btn-b22b1c9c046397c165d98df6d9fb15bf {\n  box-shadow: 0 1px 6px rgba(0,0,0,0.12);\n  transition: box-shadow 0.2s ease-out, opacity 0.45s;\n}\n.btn-shadow#default-btn-b22b1c9c046397c165d98df6d9fb15bf:hover {\n  box-shadow: 0 5px 11px 0 rgba(0,0,0,0.18), 0 4px 15px 0 rgba(0,0,0,0.15);\n}\n.btn-3d#default-btn-b22b1c9c046397c165d98df6d9fb15bf {\n  box-shadow: 0px 2px 0px 0px #e0e0e0;\n}\n.btn-flat#default-btn-b22b1c9c046397c165d98df6d9fb15bf {\n  box-shadow: none;\n}\n.btn-flat#default-btn-b22b1c9c046397c165d98df6d9fb15bf:hover {\n  box-shadow: none;\n}\n#default-btn-b22b1c9c046397c165d98df6d9fb15bf.ico-right-side > i {\n  margin-right: 0px;\n  margin-left: 8px;\n}\n#default-btn-b22b1c9c046397c165d98df6d9fb15bf > i {\n  margin-right: 8px;\n  font-size: 12px;\n}\n#default-btn-b22b1c9c046397c165d98df6d9fb15bf:not(:hover) {\n  border-width: 0px;\n  color: #000000;\n  background: #ffffff !important;\n  padding: 12px 18px 12px 18px;\n}\n#default-btn-b22b1c9c046397c165d98df6d9fb15bf:not(:hover) * {\n  color: #000000;\n}\n#default-btn-b22b1c9c046397c165d98df6d9fb15bf:hover {\n  border-width: 0px;\n  padding: 12px 18px 12px 18px;\n}\n#default-btn-b22b1c9c046397c165d98df6d9fb15bf.ico-right-side > i {\n  margin-right: 0px;\n  margin-left: 8px;\n}\n#default-btn-b22b1c9c046397c165d98df6d9fb15bf > i {\n  margin-right: 8px;\n}<\/style><div class=\"btn-align-center\"><a href=\"https:\/\/www.instagram.com\/reel\/DDzDn_4sJm5\/\" class=\"default-btn-shortcode dt-btn link-hover-off btn-flat \" id=\"default-btn-b22b1c9c046397c165d98df6d9fb15bf\"><i class=\"icomoon-the7-font-instagram\"><\/i><span>Guarda il video e scopri di pi\u00f9!<\/span><\/a><\/div>[vc_empty_space][\/vc_column][\/vc_row]<\/p>\n<\/div>","protected":false},"excerpt":{"rendered":"<p>Le nostre miscele sono sapientemente mixate da mani esperte e provengono dalle incantate terre del Brasile, le storiche piantagioni del Guatemala, dall\u2019etnica Tanzania, dalla spirituale India e il caliente Messico.<\/p>\n","protected":false},"author":3,"featured_media":4031,"parent":0,"menu_order":0,"comment_status":"closed","ping_status":"closed","template":"","meta":{"footnotes":"","_links_to":"","_links_to_target":""},"class_list":["post-4695","page","type-page","status-publish","has-post-thumbnail","hentry","description-off"],"yoast_head":"<!-- This site is optimized with the Yoast SEO plugin v27.2 - https:\/\/yoast.com\/product\/yoast-seo-wordpress\/ -->\n<title>Caff\u00e8 di alta qualit\u00e0 - Specialty City Roastery<\/title>\n<meta name=\"description\" content=\"La definizione di \u2018SPECIALTY COFFEE\u2019 \u00e8 riferita ad un caff\u00e8 di alta qualit\u00e0, certificato nella provenienza e nella variet\u00e0 botanica.\" \/>\n<meta name=\"robots\" content=\"index, follow, max-snippet:-1, max-image-preview:large, max-video-preview:-1\" \/>\n<link rel=\"canonical\" href=\"https:\/\/www.caffecosmai.com\/?page_id=4695\" \/>\n<meta property=\"og:locale\" content=\"it_IT\" \/>\n<meta property=\"og:type\" content=\"article\" \/>\n<meta property=\"og:title\" content=\"Caff\u00e8 di alta qualit\u00e0 - Specialty City Roastery\" \/>\n<meta property=\"og:description\" content=\"La definizione di \u2018SPECIALTY COFFEE\u2019 \u00e8 riferita ad un caff\u00e8 di alta qualit\u00e0, certificato nella provenienza e nella variet\u00e0 botanica.\" \/>\n<meta property=\"og:url\" content=\"https:\/\/www.caffecosmai.com\/?page_id=4695\" \/>\n<meta property=\"og:site_name\" content=\"Caff\u00e8 Cosmai\" \/>\n<meta property=\"article:modified_time\" content=\"2025-01-28T15:25:49+00:00\" \/>\n<meta property=\"og:image\" content=\"https:\/\/www.caffecosmai.com\/wp-content\/uploads\/2020\/10\/HEADER-1.jpg\" \/>\n\t<meta property=\"og:image:width\" content=\"2048\" \/>\n\t<meta property=\"og:image:height\" content=\"1365\" \/>\n\t<meta property=\"og:image:type\" content=\"image\/jpeg\" \/>\n<meta name=\"twitter:card\" content=\"summary_large_image\" \/>\n<meta name=\"twitter:label1\" content=\"Tempo di lettura stimato\" \/>\n\t<meta name=\"twitter:data1\" content=\"2 minuti\" \/>\n<script type=\"application\/ld+json\" class=\"yoast-schema-graph\">{\"@context\":\"https:\/\/schema.org\",\"@graph\":[{\"@type\":\"WebPage\",\"@id\":\"https:\/\/www.caffecosmai.com\/?page_id=4695\",\"url\":\"https:\/\/www.caffecosmai.com\/?page_id=4695\",\"name\":\"Caff\u00e8 di alta qualit\u00e0 - Specialty City Roastery\",\"isPartOf\":{\"@id\":\"https:\/\/www.caffecosmai.com\/#website\"},\"primaryImageOfPage\":{\"@id\":\"https:\/\/www.caffecosmai.com\/?page_id=4695#primaryimage\"},\"image\":{\"@id\":\"https:\/\/www.caffecosmai.com\/?page_id=4695#primaryimage\"},\"thumbnailUrl\":\"https:\/\/www.caffecosmai.com\/wp-content\/uploads\/2020\/10\/HEADER-1.jpg\",\"datePublished\":\"2024-11-27T10:53:15+00:00\",\"dateModified\":\"2025-01-28T15:25:49+00:00\",\"description\":\"La definizione di \u2018SPECIALTY COFFEE\u2019 \u00e8 riferita ad un caff\u00e8 di alta qualit\u00e0, certificato nella provenienza e nella variet\u00e0 botanica.\",\"breadcrumb\":{\"@id\":\"https:\/\/www.caffecosmai.com\/?page_id=4695#breadcrumb\"},\"inLanguage\":\"it-IT\",\"potentialAction\":[{\"@type\":\"ReadAction\",\"target\":[\"https:\/\/www.caffecosmai.com\/?page_id=4695\"]}]},{\"@type\":\"ImageObject\",\"inLanguage\":\"it-IT\",\"@id\":\"https:\/\/www.caffecosmai.com\/?page_id=4695#primaryimage\",\"url\":\"https:\/\/www.caffecosmai.com\/wp-content\/uploads\/2020\/10\/HEADER-1.jpg\",\"contentUrl\":\"https:\/\/www.caffecosmai.com\/wp-content\/uploads\/2020\/10\/HEADER-1.jpg\",\"width\":2048,\"height\":1365,\"caption\":\"Caff\u00e8 in grani - Caff\u00e8 Cosmai\"},{\"@type\":\"BreadcrumbList\",\"@id\":\"https:\/\/www.caffecosmai.com\/?page_id=4695#breadcrumb\",\"itemListElement\":[{\"@type\":\"ListItem\",\"position\":1,\"name\":\"Home\",\"item\":\"https:\/\/www.caffecosmai.com\/\"},{\"@type\":\"ListItem\",\"position\":2,\"name\":\"Specialty City Roastery\"}]},{\"@type\":\"WebSite\",\"@id\":\"https:\/\/www.caffecosmai.com\/#website\",\"url\":\"https:\/\/www.caffecosmai.com\/\",\"name\":\"Caff\u00e8 Cosmai\",\"description\":\"Italian Style Taste\",\"potentialAction\":[{\"@type\":\"SearchAction\",\"target\":{\"@type\":\"EntryPoint\",\"urlTemplate\":\"https:\/\/www.caffecosmai.com\/?s={search_term_string}\"},\"query-input\":{\"@type\":\"PropertyValueSpecification\",\"valueRequired\":true,\"valueName\":\"search_term_string\"}}],\"inLanguage\":\"it-IT\"}]}<\/script>\n<!-- \/ Yoast SEO plugin. -->","yoast_head_json":{"title":"Caff\u00e8 di alta qualit\u00e0 - Specialty City Roastery","description":"La definizione di \u2018SPECIALTY COFFEE\u2019 \u00e8 riferita ad un caff\u00e8 di alta qualit\u00e0, certificato nella provenienza e nella variet\u00e0 botanica.","robots":{"index":"index","follow":"follow","max-snippet":"max-snippet:-1","max-image-preview":"max-image-preview:large","max-video-preview":"max-video-preview:-1"},"canonical":"https:\/\/www.caffecosmai.com\/?page_id=4695","og_locale":"it_IT","og_type":"article","og_title":"Caff\u00e8 di alta qualit\u00e0 - Specialty City Roastery","og_description":"La definizione di \u2018SPECIALTY COFFEE\u2019 \u00e8 riferita ad un caff\u00e8 di alta qualit\u00e0, certificato nella provenienza e nella variet\u00e0 botanica.","og_url":"https:\/\/www.caffecosmai.com\/?page_id=4695","og_site_name":"Caff\u00e8 Cosmai","article_modified_time":"2025-01-28T15:25:49+00:00","og_image":[{"width":2048,"height":1365,"url":"https:\/\/www.caffecosmai.com\/wp-content\/uploads\/2020\/10\/HEADER-1.jpg","type":"image\/jpeg"}],"twitter_card":"summary_large_image","twitter_misc":{"Tempo di lettura stimato":"2 minuti"},"schema":{"@context":"https:\/\/schema.org","@graph":[{"@type":"WebPage","@id":"https:\/\/www.caffecosmai.com\/?page_id=4695","url":"https:\/\/www.caffecosmai.com\/?page_id=4695","name":"Caff\u00e8 di alta qualit\u00e0 - Specialty City Roastery","isPartOf":{"@id":"https:\/\/www.caffecosmai.com\/#website"},"primaryImageOfPage":{"@id":"https:\/\/www.caffecosmai.com\/?page_id=4695#primaryimage"},"image":{"@id":"https:\/\/www.caffecosmai.com\/?page_id=4695#primaryimage"},"thumbnailUrl":"https:\/\/www.caffecosmai.com\/wp-content\/uploads\/2020\/10\/HEADER-1.jpg","datePublished":"2024-11-27T10:53:15+00:00","dateModified":"2025-01-28T15:25:49+00:00","description":"La definizione di \u2018SPECIALTY COFFEE\u2019 \u00e8 riferita ad un caff\u00e8 di alta qualit\u00e0, certificato nella provenienza e nella variet\u00e0 botanica.","breadcrumb":{"@id":"https:\/\/www.caffecosmai.com\/?page_id=4695#breadcrumb"},"inLanguage":"it-IT","potentialAction":[{"@type":"ReadAction","target":["https:\/\/www.caffecosmai.com\/?page_id=4695"]}]},{"@type":"ImageObject","inLanguage":"it-IT","@id":"https:\/\/www.caffecosmai.com\/?page_id=4695#primaryimage","url":"https:\/\/www.caffecosmai.com\/wp-content\/uploads\/2020\/10\/HEADER-1.jpg","contentUrl":"https:\/\/www.caffecosmai.com\/wp-content\/uploads\/2020\/10\/HEADER-1.jpg","width":2048,"height":1365,"caption":"Caff\u00e8 in grani - Caff\u00e8 Cosmai"},{"@type":"BreadcrumbList","@id":"https:\/\/www.caffecosmai.com\/?page_id=4695#breadcrumb","itemListElement":[{"@type":"ListItem","position":1,"name":"Home","item":"https:\/\/www.caffecosmai.com\/"},{"@type":"ListItem","position":2,"name":"Specialty City Roastery"}]},{"@type":"WebSite","@id":"https:\/\/www.caffecosmai.com\/#website","url":"https:\/\/www.caffecosmai.com\/","name":"Caff\u00e8 Cosmai","description":"Italian Style Taste","potentialAction":[{"@type":"SearchAction","target":{"@type":"EntryPoint","urlTemplate":"https:\/\/www.caffecosmai.com\/?s={search_term_string}"},"query-input":{"@type":"PropertyValueSpecification","valueRequired":true,"valueName":"search_term_string"}}],"inLanguage":"it-IT"}]}},"_links":{"self":[{"href":"https:\/\/www.caffecosmai.com\/index.php?rest_route=\/wp\/v2\/pages\/4695","targetHints":{"allow":["GET"]}}],"collection":[{"href":"https:\/\/www.caffecosmai.com\/index.php?rest_route=\/wp\/v2\/pages"}],"about":[{"href":"https:\/\/www.caffecosmai.com\/index.php?rest_route=\/wp\/v2\/types\/page"}],"author":[{"embeddable":true,"href":"https:\/\/www.caffecosmai.com\/index.php?rest_route=\/wp\/v2\/users\/3"}],"replies":[{"embeddable":true,"href":"https:\/\/www.caffecosmai.com\/index.php?rest_route=%2Fwp%2Fv2%2Fcomments&post=4695"}],"version-history":[{"count":13,"href":"https:\/\/www.caffecosmai.com\/index.php?rest_route=\/wp\/v2\/pages\/4695\/revisions"}],"predecessor-version":[{"id":4761,"href":"https:\/\/www.caffecosmai.com\/index.php?rest_route=\/wp\/v2\/pages\/4695\/revisions\/4761"}],"wp:featuredmedia":[{"embeddable":true,"href":"https:\/\/www.caffecosmai.com\/index.php?rest_route=\/wp\/v2\/media\/4031"}],"wp:attachment":[{"href":"https:\/\/www.caffecosmai.com\/index.php?rest_route=%2Fwp%2Fv2%2Fmedia&parent=4695"}],"curies":[{"name":"wp","href":"https:\/\/api.w.org\/{rel}","templated":true}]}}