{"id":4341,"date":"2020-12-04T08:42:23","date_gmt":"2020-12-04T07:42:23","guid":{"rendered":"https:\/\/www.caffecosmai.com\/?page_id=4341"},"modified":"2024-12-20T11:00:57","modified_gmt":"2024-12-20T10:00:57","slug":"cosmai-quale-futuro-per-le-fiere","status":"publish","type":"page","link":"https:\/\/www.caffecosmai.com\/?page_id=4341","title":{"rendered":"COSMAI, QUALE FUTURO PER LE FIERE?"},"content":{"rendered":"<div class=\"wpb-content-wrapper\"><p>[vc_row css=&#8221;.vc_custom_1606832565777{margin-bottom: 40px !important;}&#8221;][vc_column][vc_custom_heading source=&#8221;post_title&#8221; font_container=&#8221;tag:h2|text_align:center&#8221; use_theme_fonts=&#8221;yes&#8221;][\/vc_column][\/vc_row][vc_row equal_height=&#8221;yes&#8221; content_placement=&#8221;middle&#8221;][vc_column width=&#8221;2\/3&#8243;][vc_column_text css_animation=&#8221;fadeInDown&#8221;]4 dicembre 2020<\/p>\n<p>La situazione di emergenza in cui ci troviamo ormai da quasi un anno render\u00e0 difficile una programmazione per l\u2019organizzazione di fiere, le trasferte saranno sicure solo quando ci sar\u00e0 un vaccino che avr\u00e0 ricoperto gran parte della popolazione, la nostra azienda ha sempre creduto nell\u2019importanza di esser presenti nei poli fieristici pi\u00f9 importanti, HOST MILANO tra tutti, ma anche SIGEP RIMINI, a cui abbiamo aderito per la prima volta proprio nel mese di Gennaio.<\/p>\n<p>Certamente non possiamo rimanere fermi ad osservare ed attendere, cos\u00ec abbiamo deciso di intraprendere un percorso di crescita digital, potenziando ancor di pi\u00f9 lo strumento social e ci\u00f2 che \u00e8 il nostro visual sul fronte digital.[\/vc_column_text][\/vc_column][vc_column width=&#8221;1\/3&#8243;][vc_single_image source=&#8221;featured_image&#8221; img_size=&#8221;large&#8221; alignment=&#8221;center&#8221; css_animation=&#8221;fadeIn&#8221; el_class=&#8221;imgstondata&#8221;][\/vc_column][\/vc_row]<\/p>\n<\/div>","protected":false},"excerpt":{"rendered":"<p>La situazione di emergenza in cui ci troviamo ormai da quasi un anno render\u00e0 difficile una programmazione per l\u2019organizzazione di fiere<\/p>\n","protected":false},"author":7,"featured_media":4343,"parent":0,"menu_order":0,"comment_status":"closed","ping_status":"closed","template":"","meta":{"footnotes":"","_links_to":"","_links_to_target":""},"class_list":["post-4341","page","type-page","status-publish","has-post-thumbnail","hentry","description-off"],"yoast_head":"<!-- This site is optimized with the Yoast SEO plugin v27.2 - https:\/\/yoast.com\/product\/yoast-seo-wordpress\/ -->\n<title>Cosmai Caff\u00e8<\/title>\n<meta name=\"description\" content=\"Cosmai Caff\u00e8: abbiamo deciso di intraprendere un percorso di crescita digital, potenziando ancor di pi\u00f9 lo strumento social\" \/>\n<meta name=\"robots\" content=\"index, follow, max-snippet:-1, max-image-preview:large, max-video-preview:-1\" \/>\n<link rel=\"canonical\" href=\"http:\/\/www.caffecosmai.com\/?page_id=4341\" \/>\n<meta property=\"og:locale\" content=\"it_IT\" \/>\n<meta property=\"og:type\" content=\"article\" \/>\n<meta property=\"og:title\" content=\"Cosmai Caff\u00e8\" \/>\n<meta property=\"og:description\" content=\"Cosmai Caff\u00e8: abbiamo deciso di intraprendere un percorso di crescita digital, potenziando ancor di pi\u00f9 lo strumento social\" \/>\n<meta property=\"og:url\" content=\"http:\/\/www.caffecosmai.com\/?page_id=4341\" \/>\n<meta property=\"og:site_name\" content=\"Caff\u00e8 Cosmai\" \/>\n<meta property=\"article:modified_time\" content=\"2024-12-20T10:00:57+00:00\" \/>\n<meta property=\"og:image\" content=\"http:\/\/www.caffecosmai.com\/wp-content\/uploads\/2020\/12\/cosmai_prossimi-mesi.jpeg\" \/>\n\t<meta property=\"og:image:width\" content=\"1600\" \/>\n\t<meta property=\"og:image:height\" content=\"1068\" \/>\n\t<meta property=\"og:image:type\" content=\"image\/jpeg\" \/>\n<meta name=\"twitter:card\" content=\"summary_large_image\" \/>\n<meta name=\"twitter:label1\" content=\"Tempo di lettura stimato\" \/>\n\t<meta name=\"twitter:data1\" content=\"1 minuto\" \/>\n<script type=\"application\/ld+json\" class=\"yoast-schema-graph\">{\"@context\":\"https:\/\/schema.org\",\"@graph\":[{\"@type\":\"WebPage\",\"@id\":\"http:\/\/www.caffecosmai.com\/?page_id=4341\",\"url\":\"http:\/\/www.caffecosmai.com\/?page_id=4341\",\"name\":\"Cosmai Caff\u00e8\",\"isPartOf\":{\"@id\":\"https:\/\/www.caffecosmai.com\/#website\"},\"primaryImageOfPage\":{\"@id\":\"http:\/\/www.caffecosmai.com\/?page_id=4341#primaryimage\"},\"image\":{\"@id\":\"http:\/\/www.caffecosmai.com\/?page_id=4341#primaryimage\"},\"thumbnailUrl\":\"https:\/\/www.caffecosmai.com\/wp-content\/uploads\/2020\/12\/cosmai_prossimi-mesi.jpeg\",\"datePublished\":\"2020-12-04T07:42:23+00:00\",\"dateModified\":\"2024-12-20T10:00:57+00:00\",\"description\":\"Cosmai Caff\u00e8: abbiamo deciso di intraprendere un percorso di crescita digital, potenziando ancor di pi\u00f9 lo strumento social\",\"breadcrumb\":{\"@id\":\"http:\/\/www.caffecosmai.com\/?page_id=4341#breadcrumb\"},\"inLanguage\":\"it-IT\",\"potentialAction\":[{\"@type\":\"ReadAction\",\"target\":[\"http:\/\/www.caffecosmai.com\/?page_id=4341\"]}]},{\"@type\":\"ImageObject\",\"inLanguage\":\"it-IT\",\"@id\":\"http:\/\/www.caffecosmai.com\/?page_id=4341#primaryimage\",\"url\":\"https:\/\/www.caffecosmai.com\/wp-content\/uploads\/2020\/12\/cosmai_prossimi-mesi.jpeg\",\"contentUrl\":\"https:\/\/www.caffecosmai.com\/wp-content\/uploads\/2020\/12\/cosmai_prossimi-mesi.jpeg\",\"width\":1600,\"height\":1068,\"caption\":\"dove trovare caff\u00e8 cialde compatibili - caffe cosmai\"},{\"@type\":\"BreadcrumbList\",\"@id\":\"http:\/\/www.caffecosmai.com\/?page_id=4341#breadcrumb\",\"itemListElement\":[{\"@type\":\"ListItem\",\"position\":1,\"name\":\"Home\",\"item\":\"https:\/\/www.caffecosmai.com\/\"},{\"@type\":\"ListItem\",\"position\":2,\"name\":\"COSMAI, QUALE FUTURO PER LE FIERE?\"}]},{\"@type\":\"WebSite\",\"@id\":\"https:\/\/www.caffecosmai.com\/#website\",\"url\":\"https:\/\/www.caffecosmai.com\/\",\"name\":\"Caff\u00e8 Cosmai\",\"description\":\"Italian Style Taste\",\"potentialAction\":[{\"@type\":\"SearchAction\",\"target\":{\"@type\":\"EntryPoint\",\"urlTemplate\":\"https:\/\/www.caffecosmai.com\/?s={search_term_string}\"},\"query-input\":{\"@type\":\"PropertyValueSpecification\",\"valueRequired\":true,\"valueName\":\"search_term_string\"}}],\"inLanguage\":\"it-IT\"}]}<\/script>\n<!-- \/ Yoast SEO plugin. -->","yoast_head_json":{"title":"Cosmai Caff\u00e8","description":"Cosmai Caff\u00e8: abbiamo deciso di intraprendere un percorso di crescita digital, potenziando ancor di pi\u00f9 lo strumento social","robots":{"index":"index","follow":"follow","max-snippet":"max-snippet:-1","max-image-preview":"max-image-preview:large","max-video-preview":"max-video-preview:-1"},"canonical":"http:\/\/www.caffecosmai.com\/?page_id=4341","og_locale":"it_IT","og_type":"article","og_title":"Cosmai Caff\u00e8","og_description":"Cosmai Caff\u00e8: abbiamo deciso di intraprendere un percorso di crescita digital, potenziando ancor di pi\u00f9 lo strumento social","og_url":"http:\/\/www.caffecosmai.com\/?page_id=4341","og_site_name":"Caff\u00e8 Cosmai","article_modified_time":"2024-12-20T10:00:57+00:00","og_image":[{"width":1600,"height":1068,"url":"http:\/\/www.caffecosmai.com\/wp-content\/uploads\/2020\/12\/cosmai_prossimi-mesi.jpeg","type":"image\/jpeg"}],"twitter_card":"summary_large_image","twitter_misc":{"Tempo di lettura stimato":"1 minuto"},"schema":{"@context":"https:\/\/schema.org","@graph":[{"@type":"WebPage","@id":"http:\/\/www.caffecosmai.com\/?page_id=4341","url":"http:\/\/www.caffecosmai.com\/?page_id=4341","name":"Cosmai Caff\u00e8","isPartOf":{"@id":"https:\/\/www.caffecosmai.com\/#website"},"primaryImageOfPage":{"@id":"http:\/\/www.caffecosmai.com\/?page_id=4341#primaryimage"},"image":{"@id":"http:\/\/www.caffecosmai.com\/?page_id=4341#primaryimage"},"thumbnailUrl":"https:\/\/www.caffecosmai.com\/wp-content\/uploads\/2020\/12\/cosmai_prossimi-mesi.jpeg","datePublished":"2020-12-04T07:42:23+00:00","dateModified":"2024-12-20T10:00:57+00:00","description":"Cosmai Caff\u00e8: abbiamo deciso di intraprendere un percorso di crescita digital, potenziando ancor di pi\u00f9 lo strumento social","breadcrumb":{"@id":"http:\/\/www.caffecosmai.com\/?page_id=4341#breadcrumb"},"inLanguage":"it-IT","potentialAction":[{"@type":"ReadAction","target":["http:\/\/www.caffecosmai.com\/?page_id=4341"]}]},{"@type":"ImageObject","inLanguage":"it-IT","@id":"http:\/\/www.caffecosmai.com\/?page_id=4341#primaryimage","url":"https:\/\/www.caffecosmai.com\/wp-content\/uploads\/2020\/12\/cosmai_prossimi-mesi.jpeg","contentUrl":"https:\/\/www.caffecosmai.com\/wp-content\/uploads\/2020\/12\/cosmai_prossimi-mesi.jpeg","width":1600,"height":1068,"caption":"dove trovare caff\u00e8 cialde compatibili - caffe cosmai"},{"@type":"BreadcrumbList","@id":"http:\/\/www.caffecosmai.com\/?page_id=4341#breadcrumb","itemListElement":[{"@type":"ListItem","position":1,"name":"Home","item":"https:\/\/www.caffecosmai.com\/"},{"@type":"ListItem","position":2,"name":"COSMAI, QUALE FUTURO PER LE FIERE?"}]},{"@type":"WebSite","@id":"https:\/\/www.caffecosmai.com\/#website","url":"https:\/\/www.caffecosmai.com\/","name":"Caff\u00e8 Cosmai","description":"Italian Style Taste","potentialAction":[{"@type":"SearchAction","target":{"@type":"EntryPoint","urlTemplate":"https:\/\/www.caffecosmai.com\/?s={search_term_string}"},"query-input":{"@type":"PropertyValueSpecification","valueRequired":true,"valueName":"search_term_string"}}],"inLanguage":"it-IT"}]}},"_links":{"self":[{"href":"https:\/\/www.caffecosmai.com\/index.php?rest_route=\/wp\/v2\/pages\/4341","targetHints":{"allow":["GET"]}}],"collection":[{"href":"https:\/\/www.caffecosmai.com\/index.php?rest_route=\/wp\/v2\/pages"}],"about":[{"href":"https:\/\/www.caffecosmai.com\/index.php?rest_route=\/wp\/v2\/types\/page"}],"author":[{"embeddable":true,"href":"https:\/\/www.caffecosmai.com\/index.php?rest_route=\/wp\/v2\/users\/7"}],"replies":[{"embeddable":true,"href":"https:\/\/www.caffecosmai.com\/index.php?rest_route=%2Fwp%2Fv2%2Fcomments&post=4341"}],"version-history":[{"count":8,"href":"https:\/\/www.caffecosmai.com\/index.php?rest_route=\/wp\/v2\/pages\/4341\/revisions"}],"predecessor-version":[{"id":4758,"href":"https:\/\/www.caffecosmai.com\/index.php?rest_route=\/wp\/v2\/pages\/4341\/revisions\/4758"}],"wp:featuredmedia":[{"embeddable":true,"href":"https:\/\/www.caffecosmai.com\/index.php?rest_route=\/wp\/v2\/media\/4343"}],"wp:attachment":[{"href":"https:\/\/www.caffecosmai.com\/index.php?rest_route=%2Fwp%2Fv2%2Fmedia&parent=4341"}],"curies":[{"name":"wp","href":"https:\/\/api.w.org\/{rel}","templated":true}]}}