{"id":3969,"date":"2019-09-30T12:28:56","date_gmt":"2019-09-30T10:28:56","guid":{"rendered":"https:\/\/www.caffecosmai.com\/academy\/"},"modified":"2020-12-15T08:52:37","modified_gmt":"2020-12-15T07:52:37","slug":"academy","status":"publish","type":"page","link":"https:\/\/www.caffecosmai.com\/?page_id=3969&lang=en","title":{"rendered":"Academy"},"content":{"rendered":"<div class=\"wpb-content-wrapper\"><p>[vc_row css=&#8221;.vc_custom_1601650141888{margin-top: 40px !important;}&#8221;][vc_column][vc_column_text css_animation=&#8221;fadeInDown&#8221;]<\/p>\n<h3 style=\"text-align: center;\">COSMAI ACADEMY is a tool that we have designed for all professionals in the sector. Through training, indispensable nowadays, the bartender becomes a professional able to offer a high quality service, thus increasing the satisfaction of his customers, winking also at the turnover.<\/h3>\n<p>[\/vc_column_text][vc_separator color=&#8221;custom&#8221; border_width=&#8221;10&#8243; el_width=&#8221;20&#8243; accent_color=&#8221;#c71e22&#8243;][\/vc_column][\/vc_row][vc_row][vc_column][vc_column_text]<\/p>\n<h2 style=\"text-align: center;\">A GOOD BARISTA<\/h2>\n<p>[\/vc_column_text][vc_row_inner content_placement=&#8221;middle&#8221; gap=&#8221;35&#8243;][vc_column_inner width=&#8221;2\/3&#8243;][vc_column_text css_animation=&#8221;fadeInDown&#8221;]Good barista is the one who is able to transform coffee beans in the best way, he knows all the working techniques he will have to follow in order to obtain a quality product in the cup, his role is fundamental to improve the quality and professionalism of the service offered.<\/p>\n<ul>\n<li>Working method at the coffee machine<\/li>\n<li>How to extract a perfect espresso<\/li>\n<li>Maintenance and cleaning of equipment<\/li>\n<li>Perfect milk frothing<\/li>\n<li>Drinks from the cafeteria<\/li>\n<\/ul>\n<p>[\/vc_column_text][vc_single_image image=&#8221;4102&#8243; img_size=&#8221;medium&#8221; css_animation=&#8221;fadeInDown&#8221;][\/vc_column_inner][vc_column_inner width=&#8221;1\/3&#8243;][vc_single_image image=&#8221;3858&#8243; img_size=&#8221;large&#8221; alignment=&#8221;center&#8221; css_animation=&#8221;fadeIn&#8221; el_class=&#8221;imgstondata&#8221;][\/vc_column_inner][\/vc_row_inner][\/vc_column][\/vc_row][vc_row][vc_column][vc_single_image image=&#8221;4414&#8243; img_size=&#8221;large&#8221; alignment=&#8221;center&#8221;][vc_column_text]<\/p>\n<h2 style=\"text-align: center;\">BARISTA PROFESSION<\/h2>\n<p>[\/vc_column_text][vc_row_inner content_placement=&#8221;middle&#8221; gap=&#8221;35&#8243;][vc_column_inner width=&#8221;1\/3&#8243;][vc_single_image image=&#8221;4208&#8243; img_size=&#8221;large&#8221; alignment=&#8221;center&#8221; css_animation=&#8221;fadeIn&#8221; el_class=&#8221;imgstondata&#8221;][\/vc_column_inner][vc_column_inner width=&#8221;2\/3&#8243;][vc_column_text css_animation=&#8221;fadeInDown&#8221;]A true professional is an expert connoisseur of the raw material coffee, able to select the perfect grind thus obtaining the perfect cup, organizes his work plan by optimizing and facilitating the service methods.<\/p>\n<ul>\n<li>What is coffee, everything the barista must know<\/li>\n<li>What is the grinding and how to adjust a grinder machine<\/li>\n<li>Workplace management and professional service method<\/li>\n<li>The world of milk<\/li>\n<li>Pouring and starting techniques for Latte art<\/li>\n<\/ul>\n<p>[\/vc_column_text][vc_single_image image=&#8221;4102&#8243; img_size=&#8221;medium&#8221; css_animation=&#8221;fadeInDown&#8221;][\/vc_column_inner][\/vc_row_inner][\/vc_column][\/vc_row][vc_row equal_height=&#8221;yes&#8221; content_placement=&#8221;middle&#8221;][vc_column][vc_single_image image=&#8221;4414&#8243; img_size=&#8221;large&#8221; alignment=&#8221;center&#8221;][vc_column_text]<\/p>\n<h2 style=\"text-align: center;\">SUCCESFUL LATTEART<\/h2>\n<p>[\/vc_column_text][vc_row_inner content_placement=&#8221;middle&#8221; gap=&#8221;35&#8243;][vc_column_inner width=&#8221;2\/3&#8243;][vc_single_image image=&#8221;4100&#8243; img_size=&#8221;medium&#8221; css_animation=&#8221;fadeInDown&#8221;][vc_column_text css_animation=&#8221;fadeInDown&#8221;]Latte art is an evolution of the cafeteria with which you can serve extremely beautiful cappuccinos, in the social era where every moment is shared and made public you have an excellent weapon of attraction and communication.<\/p>\n<ul>\n<li>Constant vortex milk frothing<\/li>\n<li>Adequate tools and equipment<\/li>\n<li>Separation of the milk<\/li>\n<li>Milk pouring techniques<\/li>\n<li>The 3 basic figures of Latte art (heart, rosetta, tulip)<\/li>\n<li>Etching technique and use of toping<\/li>\n<\/ul>\n<p>[\/vc_column_text][\/vc_column_inner][vc_column_inner width=&#8221;1\/3&#8243;][vc_single_image image=&#8221;3958&#8243; img_size=&#8221;large&#8221; css_animation=&#8221;fadeIn&#8221; el_class=&#8221;imgstondata&#8221;][\/vc_column_inner][\/vc_row_inner][\/vc_column][\/vc_row][vc_row][vc_column][vc_single_image image=&#8221;4414&#8243; img_size=&#8221;large&#8221; alignment=&#8221;center&#8221;][vc_column_text]<\/p>\n<h2 style=\"text-align: center;\">INCREASE SALES BY COMMUNICATING<\/h2>\n<p>[\/vc_column_text][vc_row_inner content_placement=&#8221;middle&#8221; gap=&#8221;35&#8243;][vc_column_inner width=&#8221;1\/3&#8243;][vc_single_image image=&#8221;4206&#8243; img_size=&#8221;large&#8221; css_animation=&#8221;fadeIn&#8221; el_class=&#8221;imgstondata&#8221;][\/vc_column_inner][vc_column_inner width=&#8221;2\/3&#8243;][vc_column_text css_animation=&#8221;fadeInDown&#8221;]The evolution of the market requires to build the best strategy to present oneself better and increase receipts, image, communication must be studied in detail and transmit the right message to the consumer.<\/p>\n<ul>\n<li>Marketing, communication to increase sales<\/li>\n<li>Creation of a winning menu<\/li>\n<li>Visual of the sales counter<\/li>\n<li>Body language<\/li>\n<li>Communication with guests<\/li>\n<li>The right words<\/li>\n<li>Social networks<\/li>\n<\/ul>\n<p>[\/vc_column_text][vc_single_image image=&#8221;4104&#8243; img_size=&#8221;medium&#8221; css_animation=&#8221;fadeInDown&#8221;][\/vc_column_inner][\/vc_row_inner][\/vc_column][\/vc_row][vc_row full_width=&#8221;stretch_row&#8221; equal_height=&#8221;yes&#8221; content_placement=&#8221;middle&#8221; css=&#8221;.vc_custom_1603276280094{padding-top: 40px !important;padding-bottom: 40px !important;background-color: #ddd7d0 !important;}&#8221;][vc_column][vc_column_text]<\/p>\n<h2 style=\"text-align: center;\">CONSULTING<\/h2>\n<h3 style=\"text-align: center;\">THE MENU IS THE TOOL OF YOUR BUSINESS<\/h3>\n<p>[\/vc_column_text][vc_row_inner content_placement=&#8221;middle&#8221; gap=&#8221;35&#8243;][vc_column_inner width=&#8221;2\/3&#8243;][vc_column_text css_animation=&#8221;fadeInDown&#8221;]The menu is the business card of your coffee-shop, but also the means by which to determine your earn, by applying the right strategies you can achieve a 10-15% increase in sales, together we will build the menu suitable for your coffee shop.<\/p>\n<p>Price to be determined<\/p>\n<ul>\n<li>The menu layout according to your format<\/li>\n<li>The menu board tailor made<\/li>\n<li>Study of alternative drinks from the cafeteria<\/li>\n<li>5 o\u2019clock tea, which to use, how to prepare it and how to serve it<\/li>\n<li>What price to apply<\/li>\n<li>Graphic development of the menu<\/li>\n<\/ul>\n<p>[\/vc_column_text][\/vc_column_inner][vc_column_inner width=&#8221;1\/3&#8243;][vc_single_image image=&#8221;3960&#8243; img_size=&#8221;large&#8221; css_animation=&#8221;fadeIn&#8221; el_class=&#8221;imgstondata&#8221;][\/vc_column_inner][\/vc_row_inner][\/vc_column][\/vc_row][vc_row disable_element=&#8221;yes&#8221;][vc_column][vc_column_text]<div class=\"woocommerce columns-4 \"><div class=\"wf-container dt-products  woo-hover products loading-effect-fade-in description-on-hover cart-btn-on-img hide-description\" data-padding=\"0px\" data-cur-page=\"1\" data-desktop-columns-num=\"4\" data-v-tablet-columns-num=\"2\" data-h-tablet-columns-num=\"3\" data-phone-columns-num=\"1\">\n\n<article class=\"post visible description-off product type-product post-3514 status-publish first instock product_cat-caffe product_cat-capsule-compatibili-nespresso product_cat-monorigine has-post-thumbnail shipping-taxable purchasable product-type-simple\">\n\n\t<figure class=\"woocom-project\">\n\t<div class=\"woo-buttons-on-img\">\n\n\t\t<a href=\"https:\/\/www.caffecosmai.com\/?product=10-capsule-caffe-buena-100-arabica-100-brasile\" class=\"alignnone layzr-bg\"><img loading=\"lazy\" decoding=\"async\" width=\"300\" height=\"300\" src=\"data:image\/svg+xml;charset=utf-8,%3Csvg xmlns%3D&#039;http%3A%2F%2Fwww.w3.org%2F2000%2Fsvg&#039; viewBox%3D&#039;0 0 300 300&#039;%2F%3E\" class=\"attachment-woocommerce_thumbnail size-woocommerce_thumbnail lazy-load preload-me\" alt=\"10 CAPSULE CAFF\u00c8 BUENA \u2013 100% Arabica - 100% Brasile\" data-src=\"https:\/\/www.caffecosmai.com\/wp-content\/uploads\/2019\/10\/buena-300x300.jpg\" data-srcset=\"https:\/\/www.caffecosmai.com\/wp-content\/uploads\/2019\/10\/buena-300x300.jpg 300w, https:\/\/www.caffecosmai.com\/wp-content\/uploads\/2019\/10\/buena-150x150.jpg 150w, https:\/\/www.caffecosmai.com\/wp-content\/uploads\/2019\/10\/buena-768x768.jpg 768w, https:\/\/www.caffecosmai.com\/wp-content\/uploads\/2019\/10\/buena.jpg 1024w, https:\/\/www.caffecosmai.com\/wp-content\/uploads\/2019\/10\/buena-600x600.jpg 600w, https:\/\/www.caffecosmai.com\/wp-content\/uploads\/2019\/10\/buena-200x200.jpg 200w\" \/><\/a>\n\t<\/div>\n\t<figcaption class=\"woocom-list-content\">\n\n\t\t<div class=\"woocommerce-product-details__short-description\">\n\t<p class=\"p1\"><strong>Confezione 10 capsule a sistema Nespresso\u00ae* .<\/strong><br \/>\nIl monorigine Buena proviene dalle piantagioni del sud-est del Brasile. E\u2019 un caff\u00e8 dal gusto delicato, mediamente acidulo e leggermente aromatico. Ha un corpo equilibrato e di media intensit\u00e0.<\/p>\n<\/div>\n\n\t<\/figcaption>\n<\/figure>\n\n<\/article>\n\n\n\n<article class=\"post visible description-off product type-product post-3549 status-publish instock product_cat-caffe product_cat-capsule-compatibili-nespresso product_cat-miscele has-post-thumbnail shipping-taxable purchasable product-type-simple\">\n\n\t<figure class=\"woocom-project\">\n\t<div class=\"woo-buttons-on-img\">\n\n\t\t<a href=\"https:\/\/www.caffecosmai.com\/?product=10-capsule-caffe-classic-40-arabica-60-robusta\" class=\"alignnone layzr-bg\"><img loading=\"lazy\" decoding=\"async\" width=\"300\" height=\"300\" src=\"data:image\/svg+xml;charset=utf-8,%3Csvg xmlns%3D&#039;http%3A%2F%2Fwww.w3.org%2F2000%2Fsvg&#039; viewBox%3D&#039;0 0 300 300&#039;%2F%3E\" class=\"attachment-woocommerce_thumbnail size-woocommerce_thumbnail lazy-load preload-me\" alt=\"10 CAPSULE CAFF\u00c8 CLASSIC \u2013 40% Arabica 60% Robusta\" data-src=\"https:\/\/www.caffecosmai.com\/wp-content\/uploads\/2019\/10\/PACK-SINGOLI-AMAZON_0004-300x300.jpg\" data-srcset=\"https:\/\/www.caffecosmai.com\/wp-content\/uploads\/2019\/10\/PACK-SINGOLI-AMAZON_0004-300x300.jpg 300w, https:\/\/www.caffecosmai.com\/wp-content\/uploads\/2019\/10\/PACK-SINGOLI-AMAZON_0004-150x150.jpg 150w, https:\/\/www.caffecosmai.com\/wp-content\/uploads\/2019\/10\/PACK-SINGOLI-AMAZON_0004-768x768.jpg 768w, https:\/\/www.caffecosmai.com\/wp-content\/uploads\/2019\/10\/PACK-SINGOLI-AMAZON_0004.jpg 1024w, https:\/\/www.caffecosmai.com\/wp-content\/uploads\/2019\/10\/PACK-SINGOLI-AMAZON_0004-600x600.jpg 600w, https:\/\/www.caffecosmai.com\/wp-content\/uploads\/2019\/10\/PACK-SINGOLI-AMAZON_0004-200x200.jpg 200w\" \/><\/a>\n\t<\/div>\n\t<figcaption class=\"woocom-list-content\">\n\n\t\t<div class=\"woocommerce-product-details__short-description\">\n\t<p class=\"p1\"><strong>Confezione 10 capsule a sistema Nespresso\u00ae*<\/strong><br \/>\nLa miscela Classic \u00e8 un mix di pregiata Arabica e Robusta proveniente dal Brasile, India, Guatemala e dalla Tanzania. Questo caff\u00e8 \u00e8 intenso e cremoso. Ha un grande corpo rotondo e vellutato, il suo retrogusto persistente e tostatura chiara lo rendono unico e straordinario.<\/p>\n<\/div>\n\n\t<\/figcaption>\n<\/figure>\n\n<\/article>\n\n\n\n<article class=\"post visible description-off product type-product post-3468 status-publish instock product_cat-caffe product_cat-capsule-compatibili-nespresso product_cat-monorigine has-post-thumbnail shipping-taxable purchasable product-type-simple\">\n\n\t<figure class=\"woocom-project\">\n\t<div class=\"woo-buttons-on-img\">\n\n\t\t<a href=\"https:\/\/www.caffecosmai.com\/?product=10-capsule-caffe-dodoma\" class=\"alignnone layzr-bg\"><img loading=\"lazy\" decoding=\"async\" width=\"300\" height=\"300\" src=\"data:image\/svg+xml;charset=utf-8,%3Csvg xmlns%3D&#039;http%3A%2F%2Fwww.w3.org%2F2000%2Fsvg&#039; viewBox%3D&#039;0 0 300 300&#039;%2F%3E\" class=\"attachment-woocommerce_thumbnail size-woocommerce_thumbnail lazy-load preload-me\" alt=\"10 CAPSULE CAFF\u00c8 DODOMA \u2013 100% Arabica \u2013 100% Tanzania\" data-src=\"https:\/\/www.caffecosmai.com\/wp-content\/uploads\/2019\/09\/dodoma-300x300.jpg\" data-srcset=\"https:\/\/www.caffecosmai.com\/wp-content\/uploads\/2019\/09\/dodoma-300x300.jpg 300w, https:\/\/www.caffecosmai.com\/wp-content\/uploads\/2019\/09\/dodoma-150x150.jpg 150w, https:\/\/www.caffecosmai.com\/wp-content\/uploads\/2019\/09\/dodoma-768x768.jpg 768w, https:\/\/www.caffecosmai.com\/wp-content\/uploads\/2019\/09\/dodoma.jpg 1024w, https:\/\/www.caffecosmai.com\/wp-content\/uploads\/2019\/09\/dodoma-600x600.jpg 600w, https:\/\/www.caffecosmai.com\/wp-content\/uploads\/2019\/09\/dodoma-200x200.jpg 200w\" \/><\/a>\n\t<\/div>\n\t<figcaption class=\"woocom-list-content\">\n\n\t\t<div class=\"woocommerce-product-details__short-description\">\n\t<p class=\"p1\"><strong>Confezione 10 capsule a sistema Nespresso\u00ae* .<\/strong><br \/>\nIl monorigine Raja viene raccolto nelle regioni peninsulari dell\u2019India \u00e8 tra i migliori caff\u00e8 robusta in circolazione. Molto indicato per chi ama un aroma delicato ma dal carattere distintivo.<\/p>\n<\/div>\n\n\t<\/figcaption>\n<\/figure>\n\n<\/article>\n\n\n\n<article class=\"post visible description-off product type-product post-3547 status-publish last instock product_cat-caffe product_cat-capsule-compatibili-nespresso product_cat-miscele has-post-thumbnail shipping-taxable purchasable product-type-simple\">\n\n\t<figure class=\"woocom-project\">\n\t<div class=\"woo-buttons-on-img\">\n\n\t\t<a href=\"https:\/\/www.caffecosmai.com\/?product=10-capsule-caffe-prestige-70-arabica-30-robusta\" class=\"alignnone layzr-bg\"><img loading=\"lazy\" decoding=\"async\" width=\"300\" height=\"300\" src=\"data:image\/svg+xml;charset=utf-8,%3Csvg xmlns%3D&#039;http%3A%2F%2Fwww.w3.org%2F2000%2Fsvg&#039; viewBox%3D&#039;0 0 300 300&#039;%2F%3E\" class=\"attachment-woocommerce_thumbnail size-woocommerce_thumbnail lazy-load preload-me\" alt=\"10 CAPSULE CAFF\u00c8 PRESTIGE \u2013 70% Arabica 30% Robusta\" data-src=\"https:\/\/www.caffecosmai.com\/wp-content\/uploads\/2019\/10\/PACK-SINGOLI-AMAZON_0007-300x300.jpg\" data-srcset=\"https:\/\/www.caffecosmai.com\/wp-content\/uploads\/2019\/10\/PACK-SINGOLI-AMAZON_0007-300x300.jpg 300w, https:\/\/www.caffecosmai.com\/wp-content\/uploads\/2019\/10\/PACK-SINGOLI-AMAZON_0007-150x150.jpg 150w, https:\/\/www.caffecosmai.com\/wp-content\/uploads\/2019\/10\/PACK-SINGOLI-AMAZON_0007-768x768.jpg 768w, https:\/\/www.caffecosmai.com\/wp-content\/uploads\/2019\/10\/PACK-SINGOLI-AMAZON_0007.jpg 1024w, https:\/\/www.caffecosmai.com\/wp-content\/uploads\/2019\/10\/PACK-SINGOLI-AMAZON_0007-600x600.jpg 600w, https:\/\/www.caffecosmai.com\/wp-content\/uploads\/2019\/10\/PACK-SINGOLI-AMAZON_0007-200x200.jpg 200w\" \/><\/a>\n\t<\/div>\n\t<figcaption class=\"woocom-list-content\">\n\n\t\t<div class=\"woocommerce-product-details__short-description\">\n\t<p class=\"p1\"><strong>Confezione 10 capsule a sistema Nespresso\u00ae*<\/strong><br \/>\nLa miscela Prestige \u00e8 composta da un mix di pregiata Arabica e Robusta proveniente dal Brasile, Guatemala, India e Tanzania. E\u2019 una perfetta combinazione tra arabica e robusta che conferisce al caff\u00e8 un aroma fine, un gusto dolce, pieno e cremoso.<\/p>\n<\/div>\n\n\t<\/figcaption>\n<\/figure>\n\n<\/article>\n\n\n\n<article class=\"post visible description-off product type-product post-3426 status-publish first instock product_cat-caffe product_cat-capsule-compatibili-nespresso product_cat-monorigine has-post-thumbnail shipping-taxable purchasable product-type-simple\">\n\n\t<figure class=\"woocom-project\">\n\t<div class=\"woo-buttons-on-img\">\n\n\t\t<a href=\"https:\/\/www.caffecosmai.com\/?product=10-capsule-caffe-raja\" class=\"alignnone layzr-bg\"><img loading=\"lazy\" decoding=\"async\" width=\"300\" height=\"300\" src=\"data:image\/svg+xml;charset=utf-8,%3Csvg xmlns%3D&#039;http%3A%2F%2Fwww.w3.org%2F2000%2Fsvg&#039; viewBox%3D&#039;0 0 300 300&#039;%2F%3E\" class=\"attachment-woocommerce_thumbnail size-woocommerce_thumbnail lazy-load preload-me\" alt=\"10 CAPSULE CAFF\u00c8 RAJA \u2013 100% Robusta \u2013 100% India\" data-src=\"https:\/\/www.caffecosmai.com\/wp-content\/uploads\/2019\/09\/raja-300x300.jpg\" data-srcset=\"https:\/\/www.caffecosmai.com\/wp-content\/uploads\/2019\/09\/raja-300x300.jpg 300w, https:\/\/www.caffecosmai.com\/wp-content\/uploads\/2019\/09\/raja-200x200.jpg 200w, https:\/\/www.caffecosmai.com\/wp-content\/uploads\/2019\/09\/raja-600x600.jpg 600w, https:\/\/www.caffecosmai.com\/wp-content\/uploads\/2019\/09\/raja-150x150.jpg 150w, https:\/\/www.caffecosmai.com\/wp-content\/uploads\/2019\/09\/raja-768x768.jpg 768w, https:\/\/www.caffecosmai.com\/wp-content\/uploads\/2019\/09\/raja.jpg 1024w, https:\/\/www.caffecosmai.com\/wp-content\/uploads\/2019\/09\/raja-450x450.jpg 450w, https:\/\/www.caffecosmai.com\/wp-content\/uploads\/2019\/09\/raja-100x100.jpg 100w\" \/><\/a>\n\t<\/div>\n\t<figcaption class=\"woocom-list-content\">\n\n\t\t<div class=\"woocommerce-product-details__short-description\">\n\t<p class=\"p1\"><strong>Confezione 10 capsule a sistema Nespresso\u00ae*<\/strong><br \/>\nIl monorigine Raja viene raccolto nelle regioni peninsulari dell\u2019India \u00e8 tra i migliori caff\u00e8 robusta in circolazione. Molto indicato per chi ama un aroma delicato ma dal carattere distintivo.<\/p>\n<\/div>\n\n\t<\/figcaption>\n<\/figure>\n\n<\/article>\n\n<\/div><\/div>[\/vc_column_text][\/vc_column][\/vc_row]<\/p>\n<\/div>","protected":false},"excerpt":{"rendered":"<p>COSMAI ACADEMY is a tool that we have designed for all professionals in the sector. Through training, indispensable nowadays, the bartender becomes a professional able to offer a high quality service<\/p>\n","protected":false},"author":7,"featured_media":4056,"parent":0,"menu_order":0,"comment_status":"closed","ping_status":"closed","template":"","meta":{"footnotes":"","_links_to":"","_links_to_target":""},"class_list":["post-3969","page","type-page","status-publish","has-post-thumbnail","hentry","description-off"],"yoast_head":"<!-- This site is optimized with the Yoast SEO plugin v27.2 - https:\/\/yoast.com\/product\/yoast-seo-wordpress\/ -->\n<title>Academy - Caff\u00e8 Cosmai<\/title>\n<meta name=\"robots\" content=\"index, follow, max-snippet:-1, max-image-preview:large, max-video-preview:-1\" \/>\n<link rel=\"canonical\" href=\"https:\/\/www.caffecosmai.com\/?page_id=3969&lang=en\" \/>\n<meta property=\"og:locale\" content=\"it_IT\" \/>\n<meta property=\"og:type\" content=\"article\" \/>\n<meta property=\"og:title\" content=\"Academy - Caff\u00e8 Cosmai\" \/>\n<meta property=\"og:description\" content=\"COSMAI ACADEMY is a tool that we have designed for all professionals in the sector. Through training, indispensable nowadays, the bartender becomes a professional able to offer a high quality service\" \/>\n<meta property=\"og:url\" content=\"https:\/\/www.caffecosmai.com\/?page_id=3969&amp;lang=en\" \/>\n<meta property=\"og:site_name\" content=\"Caff\u00e8 Cosmai\" \/>\n<meta property=\"article:modified_time\" content=\"2020-12-15T07:52:37+00:00\" \/>\n<meta property=\"og:image\" content=\"https:\/\/www.caffecosmai.com\/wp-content\/uploads\/2020\/10\/HEADER-2.jpg\" \/>\n\t<meta property=\"og:image:width\" content=\"2048\" \/>\n\t<meta property=\"og:image:height\" content=\"1365\" \/>\n\t<meta property=\"og:image:type\" content=\"image\/jpeg\" \/>\n<meta name=\"twitter:card\" content=\"summary_large_image\" \/>\n<meta name=\"twitter:label1\" content=\"Tempo di lettura stimato\" \/>\n\t<meta name=\"twitter:data1\" content=\"4 minuti\" \/>\n<script type=\"application\/ld+json\" class=\"yoast-schema-graph\">{\"@context\":\"https:\/\/schema.org\",\"@graph\":[{\"@type\":\"WebPage\",\"@id\":\"https:\/\/www.caffecosmai.com\/?page_id=3969&lang=en\",\"url\":\"https:\/\/www.caffecosmai.com\/?page_id=3969&lang=en\",\"name\":\"Academy - Caff\u00e8 Cosmai\",\"isPartOf\":{\"@id\":\"https:\/\/www.caffecosmai.com\/#website\"},\"primaryImageOfPage\":{\"@id\":\"https:\/\/www.caffecosmai.com\/?page_id=3969&lang=en#primaryimage\"},\"image\":{\"@id\":\"https:\/\/www.caffecosmai.com\/?page_id=3969&lang=en#primaryimage\"},\"thumbnailUrl\":\"https:\/\/www.caffecosmai.com\/wp-content\/uploads\/2020\/10\/HEADER-2.jpg\",\"datePublished\":\"2019-09-30T10:28:56+00:00\",\"dateModified\":\"2020-12-15T07:52:37+00:00\",\"breadcrumb\":{\"@id\":\"https:\/\/www.caffecosmai.com\/?page_id=3969&lang=en#breadcrumb\"},\"inLanguage\":\"it-IT\",\"potentialAction\":[{\"@type\":\"ReadAction\",\"target\":[\"https:\/\/www.caffecosmai.com\/?page_id=3969&lang=en\"]}]},{\"@type\":\"ImageObject\",\"inLanguage\":\"it-IT\",\"@id\":\"https:\/\/www.caffecosmai.com\/?page_id=3969&lang=en#primaryimage\",\"url\":\"https:\/\/www.caffecosmai.com\/wp-content\/uploads\/2020\/10\/HEADER-2.jpg\",\"contentUrl\":\"https:\/\/www.caffecosmai.com\/wp-content\/uploads\/2020\/10\/HEADER-2.jpg\",\"width\":2048,\"height\":1365,\"caption\":\"corsi da barista professionali - cosmai academy\"},{\"@type\":\"BreadcrumbList\",\"@id\":\"https:\/\/www.caffecosmai.com\/?page_id=3969&lang=en#breadcrumb\",\"itemListElement\":[{\"@type\":\"ListItem\",\"position\":1,\"name\":\"Home\",\"item\":\"https:\/\/www.caffecosmai.com\/\"},{\"@type\":\"ListItem\",\"position\":2,\"name\":\"Academy\"}]},{\"@type\":\"WebSite\",\"@id\":\"https:\/\/www.caffecosmai.com\/#website\",\"url\":\"https:\/\/www.caffecosmai.com\/\",\"name\":\"Caff\u00e8 Cosmai\",\"description\":\"Italian Style Taste\",\"potentialAction\":[{\"@type\":\"SearchAction\",\"target\":{\"@type\":\"EntryPoint\",\"urlTemplate\":\"https:\/\/www.caffecosmai.com\/?s={search_term_string}\"},\"query-input\":{\"@type\":\"PropertyValueSpecification\",\"valueRequired\":true,\"valueName\":\"search_term_string\"}}],\"inLanguage\":\"it-IT\"}]}<\/script>\n<!-- \/ Yoast SEO plugin. -->","yoast_head_json":{"title":"Academy - Caff\u00e8 Cosmai","robots":{"index":"index","follow":"follow","max-snippet":"max-snippet:-1","max-image-preview":"max-image-preview:large","max-video-preview":"max-video-preview:-1"},"canonical":"https:\/\/www.caffecosmai.com\/?page_id=3969&lang=en","og_locale":"it_IT","og_type":"article","og_title":"Academy - Caff\u00e8 Cosmai","og_description":"COSMAI ACADEMY is a tool that we have designed for all professionals in the sector. Through training, indispensable nowadays, the bartender becomes a professional able to offer a high quality service","og_url":"https:\/\/www.caffecosmai.com\/?page_id=3969&lang=en","og_site_name":"Caff\u00e8 Cosmai","article_modified_time":"2020-12-15T07:52:37+00:00","og_image":[{"width":2048,"height":1365,"url":"https:\/\/www.caffecosmai.com\/wp-content\/uploads\/2020\/10\/HEADER-2.jpg","type":"image\/jpeg"}],"twitter_card":"summary_large_image","twitter_misc":{"Tempo di lettura stimato":"4 minuti"},"schema":{"@context":"https:\/\/schema.org","@graph":[{"@type":"WebPage","@id":"https:\/\/www.caffecosmai.com\/?page_id=3969&lang=en","url":"https:\/\/www.caffecosmai.com\/?page_id=3969&lang=en","name":"Academy - Caff\u00e8 Cosmai","isPartOf":{"@id":"https:\/\/www.caffecosmai.com\/#website"},"primaryImageOfPage":{"@id":"https:\/\/www.caffecosmai.com\/?page_id=3969&lang=en#primaryimage"},"image":{"@id":"https:\/\/www.caffecosmai.com\/?page_id=3969&lang=en#primaryimage"},"thumbnailUrl":"https:\/\/www.caffecosmai.com\/wp-content\/uploads\/2020\/10\/HEADER-2.jpg","datePublished":"2019-09-30T10:28:56+00:00","dateModified":"2020-12-15T07:52:37+00:00","breadcrumb":{"@id":"https:\/\/www.caffecosmai.com\/?page_id=3969&lang=en#breadcrumb"},"inLanguage":"it-IT","potentialAction":[{"@type":"ReadAction","target":["https:\/\/www.caffecosmai.com\/?page_id=3969&lang=en"]}]},{"@type":"ImageObject","inLanguage":"it-IT","@id":"https:\/\/www.caffecosmai.com\/?page_id=3969&lang=en#primaryimage","url":"https:\/\/www.caffecosmai.com\/wp-content\/uploads\/2020\/10\/HEADER-2.jpg","contentUrl":"https:\/\/www.caffecosmai.com\/wp-content\/uploads\/2020\/10\/HEADER-2.jpg","width":2048,"height":1365,"caption":"corsi da barista professionali - cosmai academy"},{"@type":"BreadcrumbList","@id":"https:\/\/www.caffecosmai.com\/?page_id=3969&lang=en#breadcrumb","itemListElement":[{"@type":"ListItem","position":1,"name":"Home","item":"https:\/\/www.caffecosmai.com\/"},{"@type":"ListItem","position":2,"name":"Academy"}]},{"@type":"WebSite","@id":"https:\/\/www.caffecosmai.com\/#website","url":"https:\/\/www.caffecosmai.com\/","name":"Caff\u00e8 Cosmai","description":"Italian Style Taste","potentialAction":[{"@type":"SearchAction","target":{"@type":"EntryPoint","urlTemplate":"https:\/\/www.caffecosmai.com\/?s={search_term_string}"},"query-input":{"@type":"PropertyValueSpecification","valueRequired":true,"valueName":"search_term_string"}}],"inLanguage":"it-IT"}]}},"_links":{"self":[{"href":"https:\/\/www.caffecosmai.com\/index.php?rest_route=\/wp\/v2\/pages\/3969","targetHints":{"allow":["GET"]}}],"collection":[{"href":"https:\/\/www.caffecosmai.com\/index.php?rest_route=\/wp\/v2\/pages"}],"about":[{"href":"https:\/\/www.caffecosmai.com\/index.php?rest_route=\/wp\/v2\/types\/page"}],"author":[{"embeddable":true,"href":"https:\/\/www.caffecosmai.com\/index.php?rest_route=\/wp\/v2\/users\/7"}],"replies":[{"embeddable":true,"href":"https:\/\/www.caffecosmai.com\/index.php?rest_route=%2Fwp%2Fv2%2Fcomments&post=3969"}],"version-history":[{"count":16,"href":"https:\/\/www.caffecosmai.com\/index.php?rest_route=\/wp\/v2\/pages\/3969\/revisions"}],"predecessor-version":[{"id":4468,"href":"https:\/\/www.caffecosmai.com\/index.php?rest_route=\/wp\/v2\/pages\/3969\/revisions\/4468"}],"wp:featuredmedia":[{"embeddable":true,"href":"https:\/\/www.caffecosmai.com\/index.php?rest_route=\/wp\/v2\/media\/4056"}],"wp:attachment":[{"href":"https:\/\/www.caffecosmai.com\/index.php?rest_route=%2Fwp%2Fv2%2Fmedia&parent=3969"}],"curies":[{"name":"wp","href":"https:\/\/api.w.org\/{rel}","templated":true}]}}