{"id":3808,"date":"2020-07-09T10:20:36","date_gmt":"2020-07-09T08:20:36","guid":{"rendered":"https:\/\/www.caffecosmai.com\/?page_id=3808"},"modified":"2024-12-19T15:29:22","modified_gmt":"2024-12-19T14:29:22","slug":"noisiamo","status":"publish","type":"page","link":"https:\/\/www.caffecosmai.com\/?page_id=3808","title":{"rendered":"Noi siamo"},"content":{"rendered":"<div class=\"wpb-content-wrapper\"><p>[vc_row css=&#8221;.vc_custom_1603268817771{margin-top: 40px !important;}&#8221;][vc_column][vc_column_text]<\/p>\n<h2 style=\"text-align: center;\">Noi siamo COSMAI CAFF\u00c8<\/h2>\n<p>[\/vc_column_text][vc_separator color=&#8221;custom&#8221; border_width=&#8221;10&#8243; el_width=&#8221;20&#8243; accent_color=&#8221;#c71e22&#8243;][\/vc_column][\/vc_row][vc_row gap=&#8221;35&#8243; equal_height=&#8221;yes&#8221; content_placement=&#8221;middle&#8221; css=&#8221;.vc_custom_1603267662039{margin-top: 35px !important;margin-bottom: 35px !important;}&#8221;][vc_column][vc_column_text css_animation=&#8221;fadeInDown&#8221;]<\/p>\n<p style=\"text-align: center;\">Noi siamo COSMAI CAFF\u00c8, un\u2019azienda a conduzione familiare, fondata nel 2000 a Milano.<\/p>\n<p style=\"text-align: center;\">Abbiamo cominciato con una piccola torrefazione a produrre caff\u00e8 da servire nelle migliori caffetterie del centro della citt\u00e0. La scelta di caff\u00e8 crudi di alta qualit\u00e0 e un rapporto sano e trasparente con i nostri clienti ci hanno consentito di crescere sempre di pi\u00f9 negli anni, espandendo la nostra rete commerciale in Italia e oltre i confini, con pi\u00f9 di 15 paesi del mondo che distribuiscono i nostri prodotti.<\/p>\n<p style=\"text-align: center;\"><strong>TOSTATURA ECOLOGICA<\/strong><\/p>\n<p style=\"text-align: center;\">Heat Curve<\/p>\n<p style=\"text-align: center;\">Il nostro impianto dotato di un software a controllo computerizzato \u00e8 in grado di elaborare una curva di calore dedicata per ogni caff\u00e8 al fine di ottenere un risultato estremamente omogeneo che ne esalti al meglio le sue propriet\u00e0 organolettiche.<\/p>\n<p style=\"text-align: center;\">*COMPOST INDUSTRIAL S0977 TUV AUSTRIA<\/p>\n<p style=\"text-align: center;\"><a style=\"text-align: center;\" href=\"http:\/\/www.caffecosmai.com\/wp-content\/uploads\/2021\/10\/company-profile-1.pdf\" target=\"_blank\" rel=\"noopener noreferrer\">Company profile<\/a><\/p>\n<p>[\/vc_column_text][\/vc_column][\/vc_row][vc_row gap=&#8221;35&#8243; content_placement=&#8221;middle&#8221; css_animation=&#8221;fadeIn&#8221;][vc_column width=&#8221;1\/3&#8243;][vc_single_image image=&#8221;4379&#8243; img_size=&#8221;large&#8221; alignment=&#8221;center&#8221; el_class=&#8221;imgstondata&#8221;][\/vc_column][vc_column width=&#8221;1\/3&#8243;][vc_single_image image=&#8221;4381&#8243; img_size=&#8221;large&#8221; alignment=&#8221;center&#8221; el_class=&#8221;imgstondata&#8221;][\/vc_column][vc_column width=&#8221;1\/3&#8243;][vc_single_image image=&#8221;4377&#8243; img_size=&#8221;large&#8221; alignment=&#8221;center&#8221; el_class=&#8221;imgstondata&#8221;][\/vc_column][\/vc_row][vc_row gap=&#8221;35&#8243; equal_height=&#8221;yes&#8221; content_placement=&#8221;middle&#8221; css=&#8221;.vc_custom_1603267662039{margin-top: 35px !important;margin-bottom: 35px !important;}&#8221;][vc_column][vc_column_text css_animation=&#8221;fadeInDown&#8221;]<\/p>\n<p style=\"text-align: center;\"><a href=\"https:\/\/shop.caffecosmai.com\/\">Visita lo shop<\/a><\/p>\n<p>[\/vc_column_text][\/vc_column][\/vc_row]<\/p>\n<\/div>","protected":false},"excerpt":{"rendered":"<p>Noi siamo COSMAI CAFF\u00c8, un&#8217;azienda familiare nata nel 2000 in quel di Milano.<\/p>\n","protected":false},"author":7,"featured_media":4012,"parent":0,"menu_order":0,"comment_status":"closed","ping_status":"closed","template":"","meta":{"footnotes":"","_links_to":"","_links_to_target":""},"class_list":["post-3808","page","type-page","status-publish","has-post-thumbnail","hentry","description-off"],"yoast_head":"<!-- This site is optimized with the Yoast SEO plugin v27.2 - https:\/\/yoast.com\/product\/yoast-seo-wordpress\/ -->\n<title>Noi Siamo - caff\u00e8 artigianale italiano<\/title>\n<meta name=\"description\" content=\"Noi siamo un\u2019azienda a conduzione familiare. Abbiamo cominciato con una piccola torrefazione a produrre caff\u00e8 da servire nelle caffetterie.\" \/>\n<meta name=\"robots\" content=\"index, follow, max-snippet:-1, max-image-preview:large, max-video-preview:-1\" \/>\n<link rel=\"canonical\" href=\"https:\/\/www.caffecosmai.com\/?page_id=3808\" \/>\n<meta property=\"og:locale\" content=\"it_IT\" \/>\n<meta property=\"og:type\" content=\"article\" \/>\n<meta property=\"og:title\" content=\"Noi Siamo - caff\u00e8 artigianale italiano\" \/>\n<meta property=\"og:description\" content=\"Noi siamo un\u2019azienda a conduzione familiare. Abbiamo cominciato con una piccola torrefazione a produrre caff\u00e8 da servire nelle caffetterie.\" \/>\n<meta property=\"og:url\" content=\"https:\/\/www.caffecosmai.com\/?page_id=3808\" \/>\n<meta property=\"og:site_name\" content=\"Caff\u00e8 Cosmai\" \/>\n<meta property=\"article:modified_time\" content=\"2024-12-19T14:29:22+00:00\" \/>\n<meta property=\"og:image\" content=\"https:\/\/www.caffecosmai.com\/wp-content\/uploads\/2020\/10\/HEADER.jpg\" \/>\n\t<meta property=\"og:image:width\" content=\"1300\" \/>\n\t<meta property=\"og:image:height\" content=\"868\" \/>\n\t<meta property=\"og:image:type\" content=\"image\/jpeg\" \/>\n<meta name=\"twitter:card\" content=\"summary_large_image\" \/>\n<meta name=\"twitter:label1\" content=\"Tempo di lettura stimato\" \/>\n\t<meta name=\"twitter:data1\" content=\"2 minuti\" \/>\n<script type=\"application\/ld+json\" class=\"yoast-schema-graph\">{\"@context\":\"https:\/\/schema.org\",\"@graph\":[{\"@type\":\"WebPage\",\"@id\":\"https:\/\/www.caffecosmai.com\/?page_id=3808\",\"url\":\"https:\/\/www.caffecosmai.com\/?page_id=3808\",\"name\":\"Noi Siamo - caff\u00e8 artigianale italiano\",\"isPartOf\":{\"@id\":\"https:\/\/www.caffecosmai.com\/#website\"},\"primaryImageOfPage\":{\"@id\":\"https:\/\/www.caffecosmai.com\/?page_id=3808#primaryimage\"},\"image\":{\"@id\":\"https:\/\/www.caffecosmai.com\/?page_id=3808#primaryimage\"},\"thumbnailUrl\":\"https:\/\/www.caffecosmai.com\/wp-content\/uploads\/2020\/10\/HEADER.jpg\",\"datePublished\":\"2020-07-09T08:20:36+00:00\",\"dateModified\":\"2024-12-19T14:29:22+00:00\",\"description\":\"Noi siamo un\u2019azienda a conduzione familiare. Abbiamo cominciato con una piccola torrefazione a produrre caff\u00e8 da servire nelle caffetterie.\",\"breadcrumb\":{\"@id\":\"https:\/\/www.caffecosmai.com\/?page_id=3808#breadcrumb\"},\"inLanguage\":\"it-IT\",\"potentialAction\":[{\"@type\":\"ReadAction\",\"target\":[\"https:\/\/www.caffecosmai.com\/?page_id=3808\"]}]},{\"@type\":\"ImageObject\",\"inLanguage\":\"it-IT\",\"@id\":\"https:\/\/www.caffecosmai.com\/?page_id=3808#primaryimage\",\"url\":\"https:\/\/www.caffecosmai.com\/wp-content\/uploads\/2020\/10\/HEADER.jpg\",\"contentUrl\":\"https:\/\/www.caffecosmai.com\/wp-content\/uploads\/2020\/10\/HEADER.jpg\",\"width\":1300,\"height\":868},{\"@type\":\"BreadcrumbList\",\"@id\":\"https:\/\/www.caffecosmai.com\/?page_id=3808#breadcrumb\",\"itemListElement\":[{\"@type\":\"ListItem\",\"position\":1,\"name\":\"Home\",\"item\":\"https:\/\/www.caffecosmai.com\/\"},{\"@type\":\"ListItem\",\"position\":2,\"name\":\"Noi siamo\"}]},{\"@type\":\"WebSite\",\"@id\":\"https:\/\/www.caffecosmai.com\/#website\",\"url\":\"https:\/\/www.caffecosmai.com\/\",\"name\":\"Caff\u00e8 Cosmai\",\"description\":\"Italian Style Taste\",\"potentialAction\":[{\"@type\":\"SearchAction\",\"target\":{\"@type\":\"EntryPoint\",\"urlTemplate\":\"https:\/\/www.caffecosmai.com\/?s={search_term_string}\"},\"query-input\":{\"@type\":\"PropertyValueSpecification\",\"valueRequired\":true,\"valueName\":\"search_term_string\"}}],\"inLanguage\":\"it-IT\"}]}<\/script>\n<!-- \/ Yoast SEO plugin. -->","yoast_head_json":{"title":"Noi Siamo - caff\u00e8 artigianale italiano","description":"Noi siamo un\u2019azienda a conduzione familiare. Abbiamo cominciato con una piccola torrefazione a produrre caff\u00e8 da servire nelle caffetterie.","robots":{"index":"index","follow":"follow","max-snippet":"max-snippet:-1","max-image-preview":"max-image-preview:large","max-video-preview":"max-video-preview:-1"},"canonical":"https:\/\/www.caffecosmai.com\/?page_id=3808","og_locale":"it_IT","og_type":"article","og_title":"Noi Siamo - caff\u00e8 artigianale italiano","og_description":"Noi siamo un\u2019azienda a conduzione familiare. Abbiamo cominciato con una piccola torrefazione a produrre caff\u00e8 da servire nelle caffetterie.","og_url":"https:\/\/www.caffecosmai.com\/?page_id=3808","og_site_name":"Caff\u00e8 Cosmai","article_modified_time":"2024-12-19T14:29:22+00:00","og_image":[{"width":1300,"height":868,"url":"https:\/\/www.caffecosmai.com\/wp-content\/uploads\/2020\/10\/HEADER.jpg","type":"image\/jpeg"}],"twitter_card":"summary_large_image","twitter_misc":{"Tempo di lettura stimato":"2 minuti"},"schema":{"@context":"https:\/\/schema.org","@graph":[{"@type":"WebPage","@id":"https:\/\/www.caffecosmai.com\/?page_id=3808","url":"https:\/\/www.caffecosmai.com\/?page_id=3808","name":"Noi Siamo - caff\u00e8 artigianale italiano","isPartOf":{"@id":"https:\/\/www.caffecosmai.com\/#website"},"primaryImageOfPage":{"@id":"https:\/\/www.caffecosmai.com\/?page_id=3808#primaryimage"},"image":{"@id":"https:\/\/www.caffecosmai.com\/?page_id=3808#primaryimage"},"thumbnailUrl":"https:\/\/www.caffecosmai.com\/wp-content\/uploads\/2020\/10\/HEADER.jpg","datePublished":"2020-07-09T08:20:36+00:00","dateModified":"2024-12-19T14:29:22+00:00","description":"Noi siamo un\u2019azienda a conduzione familiare. Abbiamo cominciato con una piccola torrefazione a produrre caff\u00e8 da servire nelle caffetterie.","breadcrumb":{"@id":"https:\/\/www.caffecosmai.com\/?page_id=3808#breadcrumb"},"inLanguage":"it-IT","potentialAction":[{"@type":"ReadAction","target":["https:\/\/www.caffecosmai.com\/?page_id=3808"]}]},{"@type":"ImageObject","inLanguage":"it-IT","@id":"https:\/\/www.caffecosmai.com\/?page_id=3808#primaryimage","url":"https:\/\/www.caffecosmai.com\/wp-content\/uploads\/2020\/10\/HEADER.jpg","contentUrl":"https:\/\/www.caffecosmai.com\/wp-content\/uploads\/2020\/10\/HEADER.jpg","width":1300,"height":868},{"@type":"BreadcrumbList","@id":"https:\/\/www.caffecosmai.com\/?page_id=3808#breadcrumb","itemListElement":[{"@type":"ListItem","position":1,"name":"Home","item":"https:\/\/www.caffecosmai.com\/"},{"@type":"ListItem","position":2,"name":"Noi siamo"}]},{"@type":"WebSite","@id":"https:\/\/www.caffecosmai.com\/#website","url":"https:\/\/www.caffecosmai.com\/","name":"Caff\u00e8 Cosmai","description":"Italian Style Taste","potentialAction":[{"@type":"SearchAction","target":{"@type":"EntryPoint","urlTemplate":"https:\/\/www.caffecosmai.com\/?s={search_term_string}"},"query-input":{"@type":"PropertyValueSpecification","valueRequired":true,"valueName":"search_term_string"}}],"inLanguage":"it-IT"}]}},"_links":{"self":[{"href":"https:\/\/www.caffecosmai.com\/index.php?rest_route=\/wp\/v2\/pages\/3808","targetHints":{"allow":["GET"]}}],"collection":[{"href":"https:\/\/www.caffecosmai.com\/index.php?rest_route=\/wp\/v2\/pages"}],"about":[{"href":"https:\/\/www.caffecosmai.com\/index.php?rest_route=\/wp\/v2\/types\/page"}],"author":[{"embeddable":true,"href":"https:\/\/www.caffecosmai.com\/index.php?rest_route=\/wp\/v2\/users\/7"}],"replies":[{"embeddable":true,"href":"https:\/\/www.caffecosmai.com\/index.php?rest_route=%2Fwp%2Fv2%2Fcomments&post=3808"}],"version-history":[{"count":37,"href":"https:\/\/www.caffecosmai.com\/index.php?rest_route=\/wp\/v2\/pages\/3808\/revisions"}],"predecessor-version":[{"id":4736,"href":"https:\/\/www.caffecosmai.com\/index.php?rest_route=\/wp\/v2\/pages\/3808\/revisions\/4736"}],"wp:featuredmedia":[{"embeddable":true,"href":"https:\/\/www.caffecosmai.com\/index.php?rest_route=\/wp\/v2\/media\/4012"}],"wp:attachment":[{"href":"https:\/\/www.caffecosmai.com\/index.php?rest_route=%2Fwp%2Fv2%2Fmedia&parent=3808"}],"curies":[{"name":"wp","href":"https:\/\/api.w.org\/{rel}","templated":true}]}}