{"id":3683,"date":"2020-03-12T08:42:05","date_gmt":"2020-03-12T07:42:05","guid":{"rendered":"https:\/\/www.caffecosmai.com\/?page_id=3683"},"modified":"2024-12-19T15:57:03","modified_gmt":"2024-12-19T14:57:03","slug":"caffe-sostenibile-equo-e-solidale","status":"publish","type":"page","link":"https:\/\/www.caffecosmai.com\/?page_id=3683","title":{"rendered":"Onlus Bebe Cosmai"},"content":{"rendered":"<div class=\"wpb-content-wrapper\"><p>[vc_row][vc_column][vc_column_text css_animation=&#8221;fadeInDown&#8221; css=&#8221;.vc_custom_1734620118734{margin-top: 35px !important;margin-bottom: 60px !important;}&#8221;]<\/p>\n<h3 style=\"text-align: center;\">L\u2019associazione <a href=\"https:\/\/www.caffecosmai.com\/onlus-cosmai\/\">BEBE COSMAI Caff\u00e8<\/a> \u00e8 stata creata per ricordare la vita e l\u2019operare di Alberto Caserini.<\/h3>\n<h3 style=\"text-align: center;\">Sostieni insieme a noi l\u2019Associazione \u201cComitato Maria Letizia Verga\u201d. Insieme per guarire un bambino in pi\u00f9 facendo la tua donazione a questo c\/c:<\/h3>\n<h3 style=\"text-align: center;\"><strong>IBAN\u00a0 IT 64J0306909606100000133503<\/strong><\/h3>\n<h3 style=\"text-align: center;\">Lo scopo \u00e8 di sostenere il bisogno dell\u2019uomo promuovendo progetti benefici, iniziative assistenziali, educative e sanitarie in situazioni di necessit\u00e0.<\/h3>\n<p>[\/vc_column_text][vc_separator color=&#8221;custom&#8221; border_width=&#8221;10&#8243; el_width=&#8221;20&#8243; accent_color=&#8221;#c71e22&#8243; css=&#8221;.vc_custom_1607072026403{margin-bottom: 40px !important;}&#8221;][vc_raw_html]JTNDc3R5bGUlM0UucHAtRFpSOEpCSEU0RjYzOCU3QnRleHQtYWxpZ24lM0FjZW50ZXIlM0Jib3JkZXIlM0Fub25lJTNCYm9yZGVyLXJhZGl1cyUzQTEuNXJlbSUzQm1pbi13aWR0aCUzQTExLjYyNXJlbSUzQnBhZGRpbmclM0EwJTIwMnJlbSUzQmhlaWdodCUzQTIuNjI1cmVtJTNCZm9udC13ZWlnaHQlM0Fib2xkJTNCYmFja2dyb3VuZC1jb2xvciUzQSUyM0ZGRkYwMCUzQmNvbG9yJTNBJTIzMDAwMDAwJTNCZm9udC1mYW1pbHklM0ElMjJIZWx2ZXRpY2ElMjBOZXVlJTIyJTJDQXJpYWwlMkNzYW5zLXNlcmlmJTNCZm9udC1zaXplJTNBMXJlbSUzQmxpbmUtaGVpZ2h0JTNBMS4yNXJlbSUzQmN1cnNvciUzQXBvaW50ZXIlM0IlN0QlM0MlMkZzdHlsZSUzRSUwQSUwQSUzQ2Zvcm0lMjBhY3Rpb24lM0QlMjJodHRwcyUzQSUyRiUyRnd3dy5wYXlwYWwuY29tJTJGbmNwJTJGcGF5bWVudCUyRkRaUjhKQkhFNEY2MzglMjIlMjBtZXRob2QlM0QlMjJwb3N0JTIyJTIwdGFyZ2V0JTNEJTIyX3RvcCUyMiUyMHN0eWxlJTNEJTIyZGlzcGxheSUzQWJsb2NrJTNCanVzdGlmeS1pdGVtcyUzQWNlbnRlciUzQmFsaWduLWNvbnRlbnQlM0FzdGFydCUzQmdhcCUzQTAuNXJlbSUzQiUyMiUzRSUwQSUwQSUyMCUyMCUzQ2lucHV0JTIwY2xhc3MlM0QlMjJwcC1EWlI4SkJIRTRGNjM4JTIyJTIwdHlwZSUzRCUyMnN1Ym1pdCUyMiUyMHZhbHVlJTNEJTIyRG9uYSUyMG9yYSUyMiUyMCUyRiUzRSUwQSUwQSUyMCUyMCUzQ2ltZyUyMHNyYyUzRGh0dHBzJTNBJTJGJTJGd3d3LnBheXBhbG9iamVjdHMuY29tJTJGaW1hZ2VzJTJGRGViaXRfQ3JlZGl0X0FQTS5zdmclMjBhbHQlM0QlMjJjYXJkcyUyMiUyMCUyRiUzRSUwQSUwQSUyMCUyMCUzQ3NlY3Rpb24lM0UlMjBDb24lMjB0ZWNub2xvZ2lhJTIwJTNDaW1nJTIwc3JjJTNEJTIyaHR0cHMlM0ElMkYlMkZ3d3cucGF5cGFsb2JqZWN0cy5jb20lMkZwYXlwYWwtdWklMkZsb2dvcyUyRnN2ZyUyRnBheXBhbC13b3JkbWFyay1jb2xvci5zdmclMjIlMjBhbHQlM0QlMjJwYXlwYWwlMjIlMjBzdHlsZSUzRCUyMmhlaWdodCUzQTAuODc1cmVtJTNCdmVydGljYWwtYWxpZ24lM0FtaWRkbGUlM0IlMjIlMkYlM0UlM0MlMkZzZWN0aW9uJTNFJTBBJTBBJTNDJTJGZm9ybSUzRQ==[\/vc_raw_html][vc_column_text css_animation=&#8221;fadeInDown&#8221; css=&#8221;.vc_custom_1608020318277{margin-top: 40px !important;margin-bottom: 35px !important;}&#8221;]<\/p>\n<h3 style=\"text-align: center;\">Alcuni dei progetti che abbiamo sostenuto nel corso degli anni<\/h3>\n<p>[\/vc_column_text][vc_row_inner css=&#8221;.vc_custom_1603269160122{margin-top: 40px !important;}&#8221;][vc_column_inner width=&#8221;1\/2&#8243;][vc_single_image image=&#8221;4405&#8243; img_size=&#8221;large&#8221; alignment=&#8221;center&#8221; css_animation=&#8221;fadeIn&#8221;][vc_column_text css_animation=&#8221;fadeInDown&#8221;]<strong>2019, Missione \u201cCasa della speranza\u201d Dodoma, Tanzania, AFRICA<\/strong><\/p>\n<p>Cosmai ha devoluto un credito all\u2019associazione \u201cCasa della Speranza\u201d situato in Tanzania, un orfanatrofio che si prende cura di tutti quei bambini che non hanno una famiglia. Il progetto ha sostenuto acquisti di materiale per la didattica degli alunni.[\/vc_column_text][\/vc_column_inner][vc_column_inner width=&#8221;1\/2&#8243;][vc_single_image image=&#8221;4407&#8243; img_size=&#8221;large&#8221; alignment=&#8221;center&#8221; css_animation=&#8221;fadeIn&#8221;][vc_column_text css_animation=&#8221;fadeInDown&#8221;]<strong>2017, Missione \u201cFondazione Exodus \u2013\u00a0 Don Mazzi\u201d<\/strong><\/p>\n<p>Cosmai ha fornito supporto economico alla fondazione internazionale Exodus di Don Mazzi, consegnando un aiuto economico a supporto del recupero di persone con problemi di abuso di sostanze stupefacenti e alcoliche in Honduras. Il progetto ha dato vita a SEMILLA NEGRA, un\u2019impresa agricola dedicata alla coltivazione del caff\u00e8, impiegando cos\u00ec quelle persone che rischiavano di esser emarginate dalla societ\u00e0 per i loro problemi di dipendenze.[\/vc_column_text][\/vc_column_inner][\/vc_row_inner][vc_row_inner css=&#8221;.vc_custom_1594284402873{margin-top: 35px !important;}&#8221;][vc_column_inner width=&#8221;1\/2&#8243;][vc_single_image image=&#8221;4409&#8243; img_size=&#8221;large&#8221; alignment=&#8221;center&#8221; css_animation=&#8221;fadeIn&#8221;][vc_column_text css_animation=&#8221;fadeInDown&#8221;]<strong>2016, Missione \u201cOspedale Niguarda\u201d<\/strong><\/p>\n<p>Cosmai ha devoluto parte del ricavato al reparto Ostetricia e Ginecologia dell\u2019Ospedale Niguarda di Milano, supportando cos\u00ec le operazioni di cura medica quotidiana.[\/vc_column_text][\/vc_column_inner][vc_column_inner width=&#8221;1\/2&#8243;][vc_single_image image=&#8221;4403&#8243; img_size=&#8221;large&#8221; alignment=&#8221;center&#8221; css_animation=&#8221;fadeIn&#8221;][vc_column_text css_animation=&#8221;fadeInDown&#8221;]<strong>2015, Missione \u201cCamfed\u201d<\/strong><\/p>\n<p>Cosmai ha finanziato un progetto dell\u2019associazione Camfed che si occupa di garantire il diritto all\u2019istruzione di bambine africane.[\/vc_column_text][\/vc_column_inner][\/vc_row_inner][\/vc_column][\/vc_row][vc_row][vc_column][vc_separator color=&#8221;custom&#8221; border_width=&#8221;10&#8243; el_width=&#8221;20&#8243; accent_color=&#8221;#c71e22&#8243; css=&#8221;.vc_custom_1607072031191{margin-top: 40px !important;margin-bottom: 60px !important;}&#8221;][\/vc_column][\/vc_row][vc_row equal_height=&#8221;yes&#8221; content_placement=&#8221;middle&#8221;][vc_column width=&#8221;1\/3&#8243; el_class=&#8221;width100&#8243;][vc_single_image image=&#8221;4392&#8243; img_size=&#8221;medium&#8221; alignment=&#8221;right&#8221; onclick=&#8221;custom_link&#8221; css_animation=&#8221;fadeIn&#8221; link=&#8221;https:\/\/shop.caffecosmai.com\/idee-regalo\/271-libro-le-avventure-di-papa-bebe-missione-alla-piantagione.html&#8221;][\/vc_column][vc_column width=&#8221;2\/3&#8243;][vc_column_text css_animation=&#8221;fadeInDown&#8221;]La famiglia Cosmai crede che circondarsi di energie positive sia essenziale per superare i momenti difficili e saperne ricavare, nonostante tutto, qualcosa di bello.<\/p>\n<p>Da questo pensiero nasce la Onlus a scopo benefico che ogni anno supporta un progetto diverso.<\/p>\n<p><strong>ACQUISTA IL PRIMO VOLUME \u201cLE AVVENTURE DI PAP\u00c0 BEBE\u201d SUL NOSTRO SHOP ONLINE: SHOP.CAFFECOSMAI.COM TUTTO IL RICAVATO ANDR\u00c0 IN BENEFICENZA PER I NOSTRI PROGETTI ANNUALI.<\/strong>[\/vc_column_text][vc_btn title=&#8221;ACQUISTA&#8221; style=&#8221;outline&#8221; color=&#8221;black&#8221; link=&#8221;url:https%3A%2F%2Fshop.caffecosmai.com%2Fidee-regalo%2F271-libro-le-avventure-di-papa-bebe-missione-alla-piantagione.html&#8221;][\/vc_column][\/vc_row]<\/p>\n<\/div>","protected":false},"excerpt":{"rendered":"<p>L\u2019associazione BEBE COSMAI Caff\u00e8 \u00e8 stata creata per ricordare la vita e l\u2019operare di Alberto Caserini.<\/p>\n","protected":false},"author":7,"featured_media":4245,"parent":0,"menu_order":0,"comment_status":"closed","ping_status":"closed","template":"","meta":{"footnotes":"","_links_to":"","_links_to_target":""},"class_list":["post-3683","page","type-page","status-publish","has-post-thumbnail","hentry","description-off"],"yoast_head":"<!-- This site is optimized with the Yoast SEO plugin v27.2 - https:\/\/yoast.com\/product\/yoast-seo-wordpress\/ -->\n<title>Caff\u00e8 sostenibile, equo e solidale<\/title>\n<meta name=\"description\" content=\"Lo scopo \u00e8 di sostenere il bisogno dell\u2019uomo promuovendo progetti benefici, iniziative assistenziali, educative e sanitarie..\" \/>\n<meta name=\"robots\" content=\"index, follow, max-snippet:-1, max-image-preview:large, max-video-preview:-1\" \/>\n<link rel=\"canonical\" href=\"https:\/\/www.caffecosmai.com\/?page_id=3683\" \/>\n<meta property=\"og:locale\" content=\"it_IT\" \/>\n<meta property=\"og:type\" content=\"article\" \/>\n<meta property=\"og:title\" content=\"Caff\u00e8 sostenibile, equo e solidale\" \/>\n<meta property=\"og:description\" content=\"Lo scopo \u00e8 di sostenere il bisogno dell\u2019uomo promuovendo progetti benefici, iniziative assistenziali, educative e sanitarie..\" \/>\n<meta property=\"og:url\" content=\"https:\/\/www.caffecosmai.com\/?page_id=3683\" \/>\n<meta property=\"og:site_name\" content=\"Caff\u00e8 Cosmai\" \/>\n<meta property=\"article:modified_time\" content=\"2024-12-19T14:57:03+00:00\" \/>\n<meta property=\"og:image\" content=\"https:\/\/www.caffecosmai.com\/wp-content\/uploads\/2020\/12\/onlus_v4.png\" \/>\n\t<meta property=\"og:image:width\" content=\"2048\" \/>\n\t<meta property=\"og:image:height\" content=\"496\" \/>\n\t<meta property=\"og:image:type\" content=\"image\/png\" \/>\n<meta name=\"twitter:card\" content=\"summary_large_image\" \/>\n<meta name=\"twitter:label1\" content=\"Tempo di lettura stimato\" \/>\n\t<meta name=\"twitter:data1\" content=\"3 minuti\" \/>\n<script type=\"application\/ld+json\" class=\"yoast-schema-graph\">{\"@context\":\"https:\/\/schema.org\",\"@graph\":[{\"@type\":\"WebPage\",\"@id\":\"https:\/\/www.caffecosmai.com\/?page_id=3683\",\"url\":\"https:\/\/www.caffecosmai.com\/?page_id=3683\",\"name\":\"Caff\u00e8 sostenibile, equo e solidale\",\"isPartOf\":{\"@id\":\"https:\/\/www.caffecosmai.com\/#website\"},\"primaryImageOfPage\":{\"@id\":\"https:\/\/www.caffecosmai.com\/?page_id=3683#primaryimage\"},\"image\":{\"@id\":\"https:\/\/www.caffecosmai.com\/?page_id=3683#primaryimage\"},\"thumbnailUrl\":\"https:\/\/www.caffecosmai.com\/wp-content\/uploads\/2020\/12\/onlus_v4.png\",\"datePublished\":\"2020-03-12T07:42:05+00:00\",\"dateModified\":\"2024-12-19T14:57:03+00:00\",\"description\":\"Lo scopo \u00e8 di sostenere il bisogno dell\u2019uomo promuovendo progetti benefici, iniziative assistenziali, educative e sanitarie..\",\"breadcrumb\":{\"@id\":\"https:\/\/www.caffecosmai.com\/?page_id=3683#breadcrumb\"},\"inLanguage\":\"it-IT\",\"potentialAction\":[{\"@type\":\"ReadAction\",\"target\":[\"https:\/\/www.caffecosmai.com\/?page_id=3683\"]}]},{\"@type\":\"ImageObject\",\"inLanguage\":\"it-IT\",\"@id\":\"https:\/\/www.caffecosmai.com\/?page_id=3683#primaryimage\",\"url\":\"https:\/\/www.caffecosmai.com\/wp-content\/uploads\/2020\/12\/onlus_v4.png\",\"contentUrl\":\"https:\/\/www.caffecosmai.com\/wp-content\/uploads\/2020\/12\/onlus_v4.png\",\"width\":2048,\"height\":496,\"caption\":\"caffe sostenibile equo e solidale\"},{\"@type\":\"BreadcrumbList\",\"@id\":\"https:\/\/www.caffecosmai.com\/?page_id=3683#breadcrumb\",\"itemListElement\":[{\"@type\":\"ListItem\",\"position\":1,\"name\":\"Home\",\"item\":\"https:\/\/www.caffecosmai.com\/\"},{\"@type\":\"ListItem\",\"position\":2,\"name\":\"Onlus Bebe Cosmai\"}]},{\"@type\":\"WebSite\",\"@id\":\"https:\/\/www.caffecosmai.com\/#website\",\"url\":\"https:\/\/www.caffecosmai.com\/\",\"name\":\"Caff\u00e8 Cosmai\",\"description\":\"Italian Style Taste\",\"potentialAction\":[{\"@type\":\"SearchAction\",\"target\":{\"@type\":\"EntryPoint\",\"urlTemplate\":\"https:\/\/www.caffecosmai.com\/?s={search_term_string}\"},\"query-input\":{\"@type\":\"PropertyValueSpecification\",\"valueRequired\":true,\"valueName\":\"search_term_string\"}}],\"inLanguage\":\"it-IT\"}]}<\/script>\n<!-- \/ Yoast SEO plugin. -->","yoast_head_json":{"title":"Caff\u00e8 sostenibile, equo e solidale","description":"Lo scopo \u00e8 di sostenere il bisogno dell\u2019uomo promuovendo progetti benefici, iniziative assistenziali, educative e sanitarie..","robots":{"index":"index","follow":"follow","max-snippet":"max-snippet:-1","max-image-preview":"max-image-preview:large","max-video-preview":"max-video-preview:-1"},"canonical":"https:\/\/www.caffecosmai.com\/?page_id=3683","og_locale":"it_IT","og_type":"article","og_title":"Caff\u00e8 sostenibile, equo e solidale","og_description":"Lo scopo \u00e8 di sostenere il bisogno dell\u2019uomo promuovendo progetti benefici, iniziative assistenziali, educative e sanitarie..","og_url":"https:\/\/www.caffecosmai.com\/?page_id=3683","og_site_name":"Caff\u00e8 Cosmai","article_modified_time":"2024-12-19T14:57:03+00:00","og_image":[{"width":2048,"height":496,"url":"https:\/\/www.caffecosmai.com\/wp-content\/uploads\/2020\/12\/onlus_v4.png","type":"image\/png"}],"twitter_card":"summary_large_image","twitter_misc":{"Tempo di lettura stimato":"3 minuti"},"schema":{"@context":"https:\/\/schema.org","@graph":[{"@type":"WebPage","@id":"https:\/\/www.caffecosmai.com\/?page_id=3683","url":"https:\/\/www.caffecosmai.com\/?page_id=3683","name":"Caff\u00e8 sostenibile, equo e solidale","isPartOf":{"@id":"https:\/\/www.caffecosmai.com\/#website"},"primaryImageOfPage":{"@id":"https:\/\/www.caffecosmai.com\/?page_id=3683#primaryimage"},"image":{"@id":"https:\/\/www.caffecosmai.com\/?page_id=3683#primaryimage"},"thumbnailUrl":"https:\/\/www.caffecosmai.com\/wp-content\/uploads\/2020\/12\/onlus_v4.png","datePublished":"2020-03-12T07:42:05+00:00","dateModified":"2024-12-19T14:57:03+00:00","description":"Lo scopo \u00e8 di sostenere il bisogno dell\u2019uomo promuovendo progetti benefici, iniziative assistenziali, educative e sanitarie..","breadcrumb":{"@id":"https:\/\/www.caffecosmai.com\/?page_id=3683#breadcrumb"},"inLanguage":"it-IT","potentialAction":[{"@type":"ReadAction","target":["https:\/\/www.caffecosmai.com\/?page_id=3683"]}]},{"@type":"ImageObject","inLanguage":"it-IT","@id":"https:\/\/www.caffecosmai.com\/?page_id=3683#primaryimage","url":"https:\/\/www.caffecosmai.com\/wp-content\/uploads\/2020\/12\/onlus_v4.png","contentUrl":"https:\/\/www.caffecosmai.com\/wp-content\/uploads\/2020\/12\/onlus_v4.png","width":2048,"height":496,"caption":"caffe sostenibile equo e solidale"},{"@type":"BreadcrumbList","@id":"https:\/\/www.caffecosmai.com\/?page_id=3683#breadcrumb","itemListElement":[{"@type":"ListItem","position":1,"name":"Home","item":"https:\/\/www.caffecosmai.com\/"},{"@type":"ListItem","position":2,"name":"Onlus Bebe Cosmai"}]},{"@type":"WebSite","@id":"https:\/\/www.caffecosmai.com\/#website","url":"https:\/\/www.caffecosmai.com\/","name":"Caff\u00e8 Cosmai","description":"Italian Style Taste","potentialAction":[{"@type":"SearchAction","target":{"@type":"EntryPoint","urlTemplate":"https:\/\/www.caffecosmai.com\/?s={search_term_string}"},"query-input":{"@type":"PropertyValueSpecification","valueRequired":true,"valueName":"search_term_string"}}],"inLanguage":"it-IT"}]}},"_links":{"self":[{"href":"https:\/\/www.caffecosmai.com\/index.php?rest_route=\/wp\/v2\/pages\/3683","targetHints":{"allow":["GET"]}}],"collection":[{"href":"https:\/\/www.caffecosmai.com\/index.php?rest_route=\/wp\/v2\/pages"}],"about":[{"href":"https:\/\/www.caffecosmai.com\/index.php?rest_route=\/wp\/v2\/types\/page"}],"author":[{"embeddable":true,"href":"https:\/\/www.caffecosmai.com\/index.php?rest_route=\/wp\/v2\/users\/7"}],"replies":[{"embeddable":true,"href":"https:\/\/www.caffecosmai.com\/index.php?rest_route=%2Fwp%2Fv2%2Fcomments&post=3683"}],"version-history":[{"count":47,"href":"https:\/\/www.caffecosmai.com\/index.php?rest_route=\/wp\/v2\/pages\/3683\/revisions"}],"predecessor-version":[{"id":4743,"href":"https:\/\/www.caffecosmai.com\/index.php?rest_route=\/wp\/v2\/pages\/3683\/revisions\/4743"}],"wp:featuredmedia":[{"embeddable":true,"href":"https:\/\/www.caffecosmai.com\/index.php?rest_route=\/wp\/v2\/media\/4245"}],"wp:attachment":[{"href":"https:\/\/www.caffecosmai.com\/index.php?rest_route=%2Fwp%2Fv2%2Fmedia&parent=3683"}],"curies":[{"name":"wp","href":"https:\/\/api.w.org\/{rel}","templated":true}]}}